{"id":2807,"date":"2020-07-24T09:07:00","date_gmt":"2020-07-24T07:07:00","guid":{"rendered":"https:\/\/www.haifamed.de\/content\/?page_id=2807"},"modified":"2020-07-29T15:21:15","modified_gmt":"2020-07-29T13:21:15","slug":"infektionssprechstunde-hiv-hep-std","status":"publish","type":"page","link":"https:\/\/www.haifamed.de\/content\/unsere-leistungen\/infektionssprechstunde-hiv-hep-std\/","title":{"rendered":"Infektionsprechstunde (HIV, Hepatitis, STD, etc.)"},"content":{"rendered":"<div class=\"wpb-content-wrapper\"><p>[vc_row full_width=&#8220;stretch_row&#8220; rsclass=&#8220;clean&#8220; el_class=&#8220;container&#8220;][vc_column rsclass=&#8220;clean&#8220;][vc_row_inner rsclass=&#8220;clean&#8220; el_class=&#8220;row&#8220;][vc_column_inner el_class=&#8220;col-lg-6 text-center text-lg-left pr-md-4&#8243; width=&#8220;1\/2&#8243; rsclass=&#8220;clean&#8220;][vc_column_text rsclass=&#8220;clean&#8220;]<\/p>\n<h4><b>Leben mit HIV heute<\/b><\/h4>\n<p>Zur Behandlung der HIV-Infektion stehen mehr als 20 sogenannte antiretrovirale Wirkstoffe zur Verf\u00fcgung. Sie unterdr\u00fccken die Vermehrung von HIV im K\u00f6rper. In der antiretroviralen Therapie (= ART) werden mehrere dieser Wirkstoffe miteinander kombiniert, deswegen nennt man sie auch Kombinationstherapie.<\/p>\n<p>Wenn man fr\u00fchzeitig mit einer Therapie beginnt und die Tabletten regelm\u00e4\u00dfig einnimmt, hat man beste Chancen auf eine normale Lebenserwartung bei guter Lebensqualit\u00e4t. Die Therapie sch\u00fctzt auch davor, dass HIV beim Sex auf andere \u00fcbertragen wird.<\/p>\n<p>Obwohl die Medikamente gut gegen HIV wirken, k\u00f6nnen sie das Virus aber nicht aus dem K\u00f6rper entfernen; eine Heilung ist auf diesem Weg also nicht m\u00f6glich. Um das Auftreten lebensbedrohlicher Erkrankungen zu verhindern, m\u00fcssen die Medikamente nach derzeitigem Stand lebenslang eingenommen werden.[\/vc_column_text][\/vc_column_inner][vc_column_inner el_class=&#8220;col-lg-6 mt-3 mt-lg-0&#8243; width=&#8220;1\/2&#8243; rsclass=&#8220;clean&#8220; rsinner=&#8220;ch_pr_45&#8243;][vc_single_image image=&#8220;2838&#8243; img_size=&#8220;full&#8220; style=&#8220;vc_box_circle_2&#8243;][\/vc_single_image][\/vc_column_inner][\/vc_row_inner][\/vc_column][\/vc_row][vc_row full_width=&#8220;stretch_row&#8220; rsclass=&#8220;clean&#8220; el_class=&#8220;container&#8220;][vc_column rsclass=&#8220;clean&#8220;][vc_row_inner rsclass=&#8220;clean&#8220; el_class=&#8220;row&#8220;][vc_column_inner el_class=&#8220;col-lg-6 text-center text-lg-left pr-md-4&#8243; rsclass=&#8220;clean&#8220;][vc_column_text rsclass=&#8220;clean&#8220;]<strong>Behandlungsleitlinien<\/strong><\/p>\n<p>Die aktuellen Deutsch-\u00d6sterreichischen Leitlinien zur antiretroviralen Therapie finden sich auf den Seiten der Deutschen AIDS-Gesellschaft unter <a href=\"https:\/\/www.daignet.de\" target=\"_blank\" rel=\"noopener noreferrer\">www.daignet.de<\/a>. Die Behandlungsleitlinien empfehlen, m\u00f6glichst bald nach der Diagnose mit der HIV-Therapie zu beginnen, um die Sch\u00e4den f\u00fcr das Immunsystem und den K\u00f6rper so gering wie m\u00f6glich zu halten.<\/p>\n<p>Solange die Zahl der Helferzellen \u00fcber 500 pro Mikroliter Blut liegt, kann es im Einzelfall auch Gr\u00fcnde geben, mit dem Therapiestart noch zu warten. In jedem Fall sollte man sich ausf\u00fchrlich \u00e4rztlich beraten lassen.<\/p>\n<p>Die Betreuung der HIV-Therapie sollte von Anfang an durch spezialisierte Schwerpunktpraxen oder Klinikambulanzen erfolgen.<\/p>\n<p>Adressen von \u00c4rztInnen, die sich auf HIV spezialisiert haben, bekommt man bei den \u00f6rtlichen Aidshilfen oder unter <a href=\"https:\/\/www.dagnae.de\" target=\"_blank\" rel=\"noopener noreferrer\">www.dagnae.de<\/a>.<\/p>\n<p>Die Zahl der Viren sinkt: Dieser Prozess dauert einige Wochen bis Monate. Nach drei Monaten sollte die Viruslast so niedrig sein, dass sie unter der Nachweisgrenze ist (die liegt heute bei etwa 20 bis 40 Viruskopien pro ml Blut). HIV kann dann den K\u00f6rper nicht weiter schaden und Aids wird so verhindert. Au\u00dferdem kann HIV dann selbst beim Sex nicht \u00fcbertragen werden. Das bedeutet allerdings nicht, dass keine Viren mehr im K\u00f6rper vorhanden sind: virenfrei wird man durch die Therapie nicht.<br \/>\nDie Zahl der Helferzellen steigt, das Immunsystem erholt sich. Wenn die Virusvermehrung unterdr\u00fcckt ist, werden auch so gut wie keine Helferzellen mehr infiziert. Bei einer erfolgreichen Therapie steigt ihre Zahl wieder an, allerdings dauert das l\u00e4nger als das Absinken der Viruslast.<\/p>\n<p>Aus DAH Berlin <a href=\"https:\/\/www.aidshilfe.de\/hiv-therapie\" target=\"_blank\" rel=\"noopener noreferrer\">https:\/\/www.aidshilfe.de\/hiv-therapie<\/a>[\/vc_column_text][\/vc_column_inner][\/vc_row_inner][\/vc_column][\/vc_row][vc_row rsclass=&#8220;clean&#8220; el_class=&#8220;section&#8220;][vc_column rsclass=&#8220;clean&#8220; el_class=&#8220;container-fluid px-0&#8243;][vc_column_text rsclass=&#8220;clean&#8220;]<\/p>\n<div class=\"banner-center bg-cover\" style=\"background-image: url('..\/..\/wp-content\/themes\/medin\/assets\/css\/images\/banner-center_haifa_med.jpg');\">\n<div class=\"banner-center-caption text-center\" style=\"color: #333;\">\n<div class=\"banner-center-text1-1\">Online Terminvergabe<\/div>\n<div class=\"banner-center-text5 max-450-md\">Reservieren Sie sich einen Termin bei uns!<\/div>\n<p><a class=\"btn mt-2 mt-sm-3 mt-lg-5\" href=\"https:\/\/www.doctolib.de\/praxis\/duesseldorf\/gemeinschaftspraxis-fuer-hausaerztliche-versorgung-am-haifa-park\" target=\"blank\" rel=\"noopener noreferrer\"><svg class=\"icon icon-right-arrow\" version=\"1.1\" xmlns=\"http:\/\/www.w3.org\/2000\/svg\" width=\"32\" height=\"32\" viewBox=\"0 0 32 32\"><title>right-arrow<\/title><path d=\"M21.548 5.088c-0.436-0.451-1.162-0.451-1.613 0-0.436 0.436-0.436 1.162 0 1.596l8.177 8.177h-26.984c-0.629 0.001-1.129 0.501-1.129 1.13s0.5 1.145 1.129 1.145h26.984l-8.177 8.162c-0.436 0.451-0.436 1.178 0 1.613 0.451 0.451 1.178 0.451 1.613 0l10.113-10.113c0.451-0.436 0.451-1.162 0-1.596l-10.113-10.114z\"><\/path><\/svg><span class=\"ch\">zur Online Terminvergabe auf doctolib.de<\/span><svg class=\"icon icon-right-arrow\" version=\"1.1\" xmlns=\"http:\/\/www.w3.org\/2000\/svg\" width=\"32\" height=\"32\" viewBox=\"0 0 32 32\"><title>right-arrow<\/title><path d=\"M21.548 5.088c-0.436-0.451-1.162-0.451-1.613 0-0.436 0.436-0.436 1.162 0 1.596l8.177 8.177h-26.984c-0.629 0.001-1.129 0.501-1.129 1.13s0.5 1.145 1.129 1.145h26.984l-8.177 8.162c-0.436 0.451-0.436 1.178 0 1.613 0.451 0.451 1.178 0.451 1.613 0l10.113-10.113c0.451-0.436 0.451-1.162 0-1.596l-10.113-10.114z\"><\/path><\/svg><\/a><\/p>\n<\/div>\n<\/div>\n<p>[\/vc_column_text][\/vc_column][\/vc_row]<\/p>\n<\/div>","protected":false},"excerpt":{"rendered":"<p>[vc_row full_width=&#8220;stretch_row&#8220; rsclass=&#8220;clean&#8220; el_class=&#8220;container&#8220;][vc_column rsclass=&#8220;clean&#8220;][vc_row_inner rsclass=&#8220;clean&#8220; el_class=&#8220;row&#8220;][vc_column_inner el_class=&#8220;col-lg-6 text-center text-lg-left pr-md-4&#8243; width=&#8220;1\/2&#8243; rsclass=&#8220;clean&#8220;][vc_column_text rsclass=&#8220;clean&#8220;] Leben mit HIV heute Zur Behandlung der HIV-Infektion stehen mehr als 20 sogenannte antiretrovirale Wirkstoffe zur Verf\u00fcgung. Sie unterdr\u00fccken die Vermehrung von HIV im K\u00f6rper. In der antiretroviralen Therapie (= ART) werden mehrere dieser Wirkstoffe miteinander kombiniert, deswegen nennt man sie <\/p>\n<div class=\"btn-more-wrapper\"><a href=\"https:\/\/www.haifamed.de\/content\/unsere-leistungen\/infektionssprechstunde-hiv-hep-std\/\" class=\"btn btn-sm btn-hover-fill\"><svg class=\"icon icon-right-arrow\" version=\"1.1\" xmlns=\"http:\/\/www.w3.org\/2000\/svg\" width=\"32\" height=\"32\" viewBox=\"0 0 32 32\"><title>right-arrow<\/title><path d=\"M21.548 5.088c-0.436-0.451-1.162-0.451-1.613 0-0.436 0.436-0.436 1.162 0 1.596l8.177 8.177h-26.984c-0.629 0.001-1.129 0.501-1.129 1.13s0.5 1.145 1.129 1.145h26.984l-8.177 8.162c-0.436 0.451-0.436 1.178 0 1.613 0.451 0.451 1.178 0.451 1.613 0l10.113-10.113c0.451-0.436 0.451-1.162 0-1.596l-10.113-10.114z\"><\/path><\/svg>Weiterlesen<span class=\"screen-reader-text\"> &#8222;Infektionsprechstunde (HIV, Hepatitis, STD, etc.)&#8220;<\/span><svg class=\"icon icon-right-arrow\" version=\"1.1\" xmlns=\"http:\/\/www.w3.org\/2000\/svg\" width=\"32\" height=\"32\" viewBox=\"0 0 32 32\"><title>right-arrow<\/title><path d=\"M21.548 5.088c-0.436-0.451-1.162-0.451-1.613 0-0.436 0.436-0.436 1.162 0 1.596l8.177 8.177h-26.984c-0.629 0.001-1.129 0.501-1.129 1.13s0.5 1.145 1.129 1.145h26.984l-8.177 8.162c-0.436 0.451-0.436 1.178 0 1.613 0.451 0.451 1.178 0.451 1.613 0l10.113-10.113c0.451-0.436 0.451-1.162 0-1.596l-10.113-10.114z\"><\/path><\/svg><\/a><\/div>\n","protected":false},"author":1,"featured_media":0,"parent":115,"menu_order":4,"comment_status":"closed","ping_status":"closed","template":"custompagett.php","meta":{"footnotes":""},"class_list":["post-2807","page","type-page","status-publish","hentry"],"_links":{"self":[{"href":"https:\/\/www.haifamed.de\/content\/wp-json\/wp\/v2\/pages\/2807"}],"collection":[{"href":"https:\/\/www.haifamed.de\/content\/wp-json\/wp\/v2\/pages"}],"about":[{"href":"https:\/\/www.haifamed.de\/content\/wp-json\/wp\/v2\/types\/page"}],"author":[{"embeddable":true,"href":"https:\/\/www.haifamed.de\/content\/wp-json\/wp\/v2\/users\/1"}],"replies":[{"embeddable":true,"href":"https:\/\/www.haifamed.de\/content\/wp-json\/wp\/v2\/comments?post=2807"}],"version-history":[{"count":5,"href":"https:\/\/www.haifamed.de\/content\/wp-json\/wp\/v2\/pages\/2807\/revisions"}],"predecessor-version":[{"id":2839,"href":"https:\/\/www.haifamed.de\/content\/wp-json\/wp\/v2\/pages\/2807\/revisions\/2839"}],"up":[{"embeddable":true,"href":"https:\/\/www.haifamed.de\/content\/wp-json\/wp\/v2\/pages\/115"}],"wp:attachment":[{"href":"https:\/\/www.haifamed.de\/content\/wp-json\/wp\/v2\/media?parent=2807"}],"curies":[{"name":"wp","href":"https:\/\/api.w.org\/{rel}","templated":true}]}}