{"id":2375,"date":"2019-11-07T15:36:30","date_gmt":"2019-11-07T14:36:30","guid":{"rendered":"https:\/\/www.haifamed.de\/content\/?page_id=2375"},"modified":"2026-04-08T17:50:35","modified_gmt":"2026-04-08T15:50:35","slug":"downloadcenter","status":"publish","type":"page","link":"https:\/\/www.haifamed.de\/content\/unsere-services\/downloadcenter\/","title":{"rendered":"Downloadcenter"},"content":{"rendered":"<div class=\"wpb-content-wrapper\"><p>[vc_row full_width=&#8220;stretch_row&#8220; rsclass=&#8220;clean&#8220; el_class=&#8220;container&#8220;][vc_column rsclass=&#8220;clean&#8220;][vc_row_inner][vc_column_inner][vc_custom_heading text=&#8220;Unser Service f\u00fcr Sie&#8220; use_theme_fonts=&#8220;yes&#8220; rs_decor_place=&#8220;2&#8243;][\/vc_custom_heading][vc_column_text rsclass=&#8220;clean&#8220;]Hier k\u00f6nnen Sie alle wichtigen Formulare schon vor Ihrem Besuch bei uns downloaden und ausf\u00fcllen \u2013 das verk\u00fcrzt Ihre Wartezeit bei uns![\/vc_column_text][vc_separator css=&#8220;.vc_custom_1587625240765{margin-bottom: 24px !important;}&#8220;][\/vc_column_inner][\/vc_row_inner][vc_row_inner css=&#8220;.vc_custom_1587625220884{margin-top: 24px !important;}&#8220;][vc_column_inner][vc_cta h2=&#8220;&#8220; h4=&#8220;Datenschutzerkl\u00e4rung&#8220; style=&#8220;outline&#8220; color=&#8220;blue&#8220; add_button=&#8220;bottom&#8220; btn_title=&#8220;Datenschutzerkl\u00e4rung download&#8220; btn_color=&#8220;white&#8220; btn_i_icon_fontawesome=&#8220;fa fa-download&#8220; btn_add_icon=&#8220;true&#8220; btn_link=&#8220;url:%2Fcontent%2Fwp-content%2Fuploads%2Fdownloads%2Fhaifamed_erklaerung_ueber_die_entbindung_von_der_aerztlichen_schweigepflicht_2020-09-28.pdf||target:%20_blank|rel:nofollow&#8220;]Laden Sie hier den Bogen\u00a0Erkl\u00e4rung \u00fcber die Entbindung\u00a0von der \u00e4rztlichen Schweigepflicht herunter. Drucken Sie diesen aus und geben ihn ausgef\u00fcllt bei Ihrem n\u00e4chsten Termin in der Praxis ab:[\/vc_cta][\/vc_column_inner][\/vc_row_inner][vc_row_inner css=&#8220;.vc_custom_1587625220884{margin-top: 24px !important;}&#8220;][vc_column_inner width=&#8220;1\/2&#8243;][vc_cta h2=&#8220;&#8220; h4=&#8220;Rezepteanforderung&#8220; style=&#8220;outline&#8220; color=&#8220;green&#8220; add_button=&#8220;bottom&#8220; btn_title=&#8220;zur Rezepteanforderung&#8220; btn_color=&#8220;white&#8220; btn_i_icon_fontawesome=&#8220;fa fa-download&#8220; btn_add_icon=&#8220;true&#8220; btn_link=&#8220;url:https%3A%2F%2Fwww.haifamed.de%2Fcontent%2Funsere-services%2Frezeptanforderung%2F|title:ONLINE-Rezeptanforderung|target:%20_blank|rel:nofollow&#8220;]Sie k\u00f6nnen \u00fcber das folgende Formular<br \/>\nRezepte digital anfordern:[\/vc_cta][\/vc_column_inner][vc_column_inner width=&#8220;1\/2&#8243;][vc_cta h2=&#8220;&#8220; h4=&#8220;\u00dcberweisunganforderung&#8220; style=&#8220;outline&#8220; color=&#8220;green&#8220; add_button=&#8220;bottom&#8220; btn_title=&#8220;zur \u00dcberweisunganforderung&#8220; btn_color=&#8220;white&#8220; btn_i_icon_fontawesome=&#8220;fa fa-download&#8220; btn_add_icon=&#8220;true&#8220; btn_link=&#8220;url:https%3A%2F%2Fwww.haifamed.de%2Fcontent%2Funsere-services%2Fonline-ueberweisungsanforderung%2F|title:ONLINE-%C3%9Cberweisungsanforderung|target:%20_blank|rel:nofollow&#8220;]Sie k\u00f6nnen \u00fcber das folgende Formular \u00dcberweisungen digital anfordern:[\/vc_cta][\/vc_column_inner][\/vc_row_inner][vc_row_inner css=&#8220;.vc_custom_1587625220884{margin-top: 24px !important;}&#8220;][vc_column_inner width=&#8220;1\/2&#8243;][vc_cta h2=&#8220;&#8220; h4=&#8220;Patientenanamnese&#8220; style=&#8220;outline&#8220; color=&#8220;blue&#8220; add_button=&#8220;bottom&#8220; btn_title=&#8220;Patientenanamnese download&#8220; btn_color=&#8220;white&#8220; btn_i_icon_fontawesome=&#8220;fas fa-download&#8220; css=&#8220;&#8220; btn_add_icon=&#8220;true&#8220; btn_link=&#8220;url:https%3A%2F%2Fwww.haifamed.de%2Fcontent%2Fwp-content%2Fuploads%2F2026%2F04%2F2025-02_Anamnese_deut_word_test_format-4.pdf|target:_blank|rel:nofollow&#8220;]Laden Sie hier den Anamnesebogen herunter. Sie k\u00f6nnen den Bogen bequem online ausf\u00fcllen und vorab via doctolib oder E-Mail zusenden.[\/vc_cta][\/vc_column_inner][vc_column_inner width=&#8220;1\/2&#8243;][vc_cta h2=&#8220;&#8220; h4=&#8220;Patientendatenblatt&#8220; style=&#8220;outline&#8220; color=&#8220;blue&#8220; add_button=&#8220;bottom&#8220; btn_title=&#8220;Patientendatenblatt download&#8220; btn_color=&#8220;white&#8220; btn_i_icon_fontawesome=&#8220;fa fa-download&#8220; btn_add_icon=&#8220;true&#8220; btn_link=&#8220;url:%2Fcontent%2Fwp-content%2Fuploads%2Fdownloads%2Fhaifamed_patienteninformationen.pdf||target:%20_blank|rel:nofollow&#8220;]Ihre Kontaktdaten haben sich ge\u00e4ndert? Mit diesem Bogen halten Sie uns auf dem Laufenden. Einfach ausdrucken und ausgef\u00fcllt bei Ihrem n\u00e4chsten Termin bei uns abgeben:[\/vc_cta][\/vc_column_inner][\/vc_row_inner][vc_row_inner css=&#8220;.vc_custom_1587625220884{margin-top: 24px !important;}&#8220;][vc_column_inner width=&#8220;1\/2&#8243;][vc_cta h2=&#8220;&#8220; h4=&#8220;Reisemedizinische Beratung&#8220; style=&#8220;outline&#8220; color=&#8220;turquoise&#8220; add_button=&#8220;bottom&#8220; btn_title=&#8220;Reisemedizinische Beratung download&#8220; btn_color=&#8220;white&#8220; btn_i_icon_fontawesome=&#8220;fa fa-download&#8220; btn_add_icon=&#8220;true&#8220; btn_link=&#8220;url:%2Fcontent%2Fwp-content%2Fuploads%2Fdownloads%2Fhaifamed_reisemedizinischer_dokumentationsbogen.pdf||target:%20_blank|rel:nofollow&#8220;]Laden Sie hier bitte den reisemedizinischen Dokumentationsbogen herunter. Sie k\u00f6nnen den Bogen bequem zu Hause ausdrucken und ausgef\u00fcllt zum n\u00e4chsten Termin bei uns mitbringen.[\/vc_cta][\/vc_column_inner][vc_column_inner width=&#8220;1\/2&#8243;][vc_cta h2=&#8220;&#8220; h4=&#8220;Aufkl\u00e4rungsbogen zur Gelbfieberimpfung&#8220; style=&#8220;outline&#8220; color=&#8220;pink&#8220; add_button=&#8220;bottom&#8220; btn_title=&#8220;Aufkl\u00e4rungsbogen zur Gelbfieberimpfung download&#8220; btn_color=&#8220;white&#8220; btn_i_icon_fontawesome=&#8220;fa fa-download&#8220; btn_add_icon=&#8220;true&#8220; btn_link=&#8220;url:https%3A%2F%2Fwww.haifamed.de%2Fcontent%2Fwp-content%2Fuploads%2F2021%2F05%2Fhaifamed-aufklaerung-gelbfieberimpfung_05-2021.pdf|title:Aufkl%C3%A4rungsbogen%20zur%20Gelbfieberimpfung|target:%20_blank|rel:nofollow&#8220;]Laden Sie sich hier den Aufkl\u00e4rungsbogen Gelbfieberimpfung herunter. Sie k\u00f6nnen den Bogen bequem zu Hause ausdrucken. Bringen Sie den ausgef\u00fcllten Bogen zu Ihrem n\u00e4chsten Termin bei uns mit:[\/vc_cta][\/vc_column_inner][\/vc_row_inner][vc_row_inner css=&#8220;.vc_custom_1587625220884{margin-top: 24px !important;}&#8220;][vc_column_inner width=&#8220;1\/2&#8243;][vc_cta h2=&#8220;&#8220; h4=&#8220;Aufkl\u00e4rungsbogen zu Impfungen&#8220; style=&#8220;outline&#8220; color=&#8220;pink&#8220; add_button=&#8220;bottom&#8220; btn_title=&#8220;Aufkl\u00e4rungsbogen zu Impfungen download&#8220; btn_color=&#8220;white&#8220; btn_i_icon_fontawesome=&#8220;fas fa-download&#8220; btn_add_icon=&#8220;true&#8220; btn_link=&#8220;url:https%3A%2F%2Fwww.haifamed.de%2Fcontent%2Fwp-content%2Fuploads%2F2022%2F08%2F2022-07-18_Impfaufklaerung_Allgemein.pdf|title:Aufkl%C3%A4rungsbogen%20Impfungen|target:_blank|rel:nofollow&#8220;]Laden Sie hier den Aufkl\u00e4rungsbogen zu Impfungen herunter. Sie k\u00f6nnen den Bogen bequem zu Hause ausdrucken und ausgef\u00fcllt zum n\u00e4chsten Termin bei uns mitbringen.[\/vc_cta][\/vc_column_inner][vc_column_inner width=&#8220;1\/2&#8243;][vc_cta h2=&#8220;&#8220; h4=&#8220;PrEP Aufkl\u00e4rungsbogen&#8220; style=&#8220;outline&#8220; color=&#8220;pink&#8220; add_button=&#8220;bottom&#8220; btn_title=&#8220;PrEP Aufkl\u00e4rungsbogen download&#8220; btn_color=&#8220;white&#8220; btn_i_icon_fontawesome=&#8220;fa fa-download&#8220; btn_add_icon=&#8220;true&#8220; btn_link=&#8220;url:https%3A%2F%2Fwww.aidshilfe.de%2Fshop%2Fpdf%2F8977||target:%20_blank|rel:nofollow&#8220;]Hier finden Sie die PrEP Brosch\u00fcre der Aidshilfe:[\/vc_cta][\/vc_column_inner][\/vc_row_inner][\/vc_column][\/vc_row]<\/p>\n<\/div>","protected":false},"excerpt":{"rendered":"<p>[vc_row full_width=&#8220;stretch_row&#8220; rsclass=&#8220;clean&#8220; el_class=&#8220;container&#8220;][vc_column rsclass=&#8220;clean&#8220;][vc_row_inner][vc_column_inner][vc_custom_heading text=&#8220;Unser Service f\u00fcr Sie&#8220; use_theme_fonts=&#8220;yes&#8220; rs_decor_place=&#8220;2&#8243;][\/vc_custom_heading][vc_column_text rsclass=&#8220;clean&#8220;]Hier k\u00f6nnen Sie alle wichtigen Formulare schon vor Ihrem Besuch bei uns downloaden und ausf\u00fcllen \u2013 das verk\u00fcrzt Ihre Wartezeit bei uns![\/vc_column_text][vc_separator css=&#8220;.vc_custom_1587625240765{margin-bottom: 24px !important;}&#8220;][\/vc_column_inner][\/vc_row_inner][vc_row_inner css=&#8220;.vc_custom_1587625220884{margin-top: 24px !important;}&#8220;][vc_column_inner][vc_cta h2=&#8220;&#8220; h4=&#8220;Datenschutzerkl\u00e4rung&#8220; style=&#8220;outline&#8220; color=&#8220;blue&#8220; add_button=&#8220;bottom&#8220; btn_title=&#8220;Datenschutzerkl\u00e4rung download&#8220; btn_color=&#8220;white&#8220; btn_i_icon_fontawesome=&#8220;fa fa-download&#8220; btn_add_icon=&#8220;true&#8220; btn_link=&#8220;url:%2Fcontent%2Fwp-content%2Fuploads%2Fdownloads%2Fhaifamed_erklaerung_ueber_die_entbindung_von_der_aerztlichen_schweigepflicht_2020-09-28.pdf||target:%20_blank|rel:nofollow&#8220;]Laden Sie hier den Bogen\u00a0Erkl\u00e4rung <\/p>\n<div class=\"btn-more-wrapper\"><a href=\"https:\/\/www.haifamed.de\/content\/unsere-services\/downloadcenter\/\" class=\"btn btn-sm btn-hover-fill\"><svg class=\"icon icon-right-arrow\" version=\"1.1\" xmlns=\"http:\/\/www.w3.org\/2000\/svg\" width=\"32\" height=\"32\" viewBox=\"0 0 32 32\"><title>right-arrow<\/title><path d=\"M21.548 5.088c-0.436-0.451-1.162-0.451-1.613 0-0.436 0.436-0.436 1.162 0 1.596l8.177 8.177h-26.984c-0.629 0.001-1.129 0.501-1.129 1.13s0.5 1.145 1.129 1.145h26.984l-8.177 8.162c-0.436 0.451-0.436 1.178 0 1.613 0.451 0.451 1.178 0.451 1.613 0l10.113-10.113c0.451-0.436 0.451-1.162 0-1.596l-10.113-10.114z\"><\/path><\/svg>Weiterlesen<span class=\"screen-reader-text\"> &#8222;Downloadcenter&#8220;<\/span><svg class=\"icon icon-right-arrow\" version=\"1.1\" xmlns=\"http:\/\/www.w3.org\/2000\/svg\" width=\"32\" height=\"32\" viewBox=\"0 0 32 32\"><title>right-arrow<\/title><path d=\"M21.548 5.088c-0.436-0.451-1.162-0.451-1.613 0-0.436 0.436-0.436 1.162 0 1.596l8.177 8.177h-26.984c-0.629 0.001-1.129 0.501-1.129 1.13s0.5 1.145 1.129 1.145h26.984l-8.177 8.162c-0.436 0.451-0.436 1.178 0 1.613 0.451 0.451 1.178 0.451 1.613 0l10.113-10.113c0.451-0.436 0.451-1.162 0-1.596l-10.113-10.114z\"><\/path><\/svg><\/a><\/div>\n","protected":false},"author":1,"featured_media":0,"parent":2353,"menu_order":3,"comment_status":"closed","ping_status":"closed","template":"custompagett.php","meta":{"footnotes":""},"class_list":["post-2375","page","type-page","status-publish","hentry"],"_links":{"self":[{"href":"https:\/\/www.haifamed.de\/content\/wp-json\/wp\/v2\/pages\/2375"}],"collection":[{"href":"https:\/\/www.haifamed.de\/content\/wp-json\/wp\/v2\/pages"}],"about":[{"href":"https:\/\/www.haifamed.de\/content\/wp-json\/wp\/v2\/types\/page"}],"author":[{"embeddable":true,"href":"https:\/\/www.haifamed.de\/content\/wp-json\/wp\/v2\/users\/1"}],"replies":[{"embeddable":true,"href":"https:\/\/www.haifamed.de\/content\/wp-json\/wp\/v2\/comments?post=2375"}],"version-history":[{"count":53,"href":"https:\/\/www.haifamed.de\/content\/wp-json\/wp\/v2\/pages\/2375\/revisions"}],"predecessor-version":[{"id":3528,"href":"https:\/\/www.haifamed.de\/content\/wp-json\/wp\/v2\/pages\/2375\/revisions\/3528"}],"up":[{"embeddable":true,"href":"https:\/\/www.haifamed.de\/content\/wp-json\/wp\/v2\/pages\/2353"}],"wp:attachment":[{"href":"https:\/\/www.haifamed.de\/content\/wp-json\/wp\/v2\/media?parent=2375"}],"curies":[{"name":"wp","href":"https:\/\/api.w.org\/{rel}","templated":true}]}}