{"id":2363,"date":"2019-11-07T15:20:39","date_gmt":"2019-11-07T14:20:39","guid":{"rendered":"https:\/\/www.haifamed.de\/content\/?page_id=2363"},"modified":"2026-04-08T08:35:01","modified_gmt":"2026-04-08T06:35:01","slug":"akutsprechstunde","status":"publish","type":"page","link":"https:\/\/www.haifamed.de\/content\/unsere-services\/akutsprechstunde\/","title":{"rendered":"Akutsprechstunde"},"content":{"rendered":"<div class=\"wpb-content-wrapper\"><p>[vc_row full_width=&#8220;stretch_row&#8220; rsclass=&#8220;clean&#8220; el_class=&#8220;container&#8220;][vc_column rsclass=&#8220;clean&#8220;][vc_row_inner rsclass=&#8220;clean&#8220; el_class=&#8220;row&#8220;][vc_column_inner el_class=&#8220;col-lg-6 text-center text-lg-left pr-md-4&#8243; rsclass=&#8220;clean&#8220;][vc_column_text css=&#8220;&#8220; rsclass=&#8220;clean&#8220;]<\/p>\n<h1><span style=\"font-size: 1rem; font-weight: 800;\">Aktuelle Informationen zur Akutsprechtunde<\/span><\/h1>\n<p>Wir bieten t\u00e4glich eine<b> Akutsprechstunde<\/b>\u00a0zwischen<strong> 11.00 und 12.00 Uhr<\/strong> an. Diese dient zur akuten Behandlung <strong>einer<\/strong> <strong>spontaner Erkrankung<\/strong> unserer Bestandspatienten.<\/p>\n<p><strong>Telefonische Anmeldung\u00a0 ist am gleichen Tag m\u00f6glich oder nutzen Sie die online Terminvergabe \u00fcber <a href=\"https:\/\/www.doctolib.de\/praxis\/duesseldorf\/gemeinschaftspraxis-fuer-hausaerztliche-versorgung-am-haifa-park\" target=\"_blank\" rel=\"noopener noreferrer\">doctolib.de<\/a> bereits 24h vorab.<\/strong>[\/vc_column_text][\/vc_column_inner][\/vc_row_inner][\/vc_column][\/vc_row][vc_row rsclass=&#8220;clean&#8220; el_class=&#8220;section&#8220;][vc_column rsclass=&#8220;clean&#8220; el_class=&#8220;container-fluid px-0&#8243;][vc_column_text rsclass=&#8220;clean&#8220;]<\/p>\n<div class=\"banner-center bg-cover\" style=\"background-image: url('..\/..\/wp-content\/themes\/medin\/assets\/css\/images\/banner-center_haifa_med.jpg');\">\n<div class=\"banner-center-caption text-center\" style=\"color: #333;\">\n<div class=\"banner-center-text1-1\">Online Terminvergabe<\/div>\n<div class=\"banner-center-text5 max-450-md\">Reservieren Sie sich einen Termin bei Haifamed!<\/div>\n<p><a class=\"btn mt-2 mt-sm-3 mt-lg-5\" href=\"https:\/\/www.doctolib.de\/praxis\/duesseldorf\/gemeinschaftspraxis-fuer-hausaerztliche-versorgung-am-haifa-park\" target=\"_blank\" rel=\"noopener noreferrer\"><svg class=\"icon icon-right-arrow\" version=\"1.1\" xmlns=\"http:\/\/www.w3.org\/2000\/svg\" width=\"32\" height=\"32\" viewBox=\"0 0 32 32\"><title>right-arrow<\/title><path d=\"M21.548 5.088c-0.436-0.451-1.162-0.451-1.613 0-0.436 0.436-0.436 1.162 0 1.596l8.177 8.177h-26.984c-0.629 0.001-1.129 0.501-1.129 1.13s0.5 1.145 1.129 1.145h26.984l-8.177 8.162c-0.436 0.451-0.436 1.178 0 1.613 0.451 0.451 1.178 0.451 1.613 0l10.113-10.113c0.451-0.436 0.451-1.162 0-1.596l-10.113-10.114z\"><\/path><\/svg><span class=\"ch\">zur Online Terminvergabe auf doctolib.de<\/span><svg class=\"icon icon-right-arrow\" version=\"1.1\" xmlns=\"http:\/\/www.w3.org\/2000\/svg\" width=\"32\" height=\"32\" viewBox=\"0 0 32 32\"><title>right-arrow<\/title><path d=\"M21.548 5.088c-0.436-0.451-1.162-0.451-1.613 0-0.436 0.436-0.436 1.162 0 1.596l8.177 8.177h-26.984c-0.629 0.001-1.129 0.501-1.129 1.13s0.5 1.145 1.129 1.145h26.984l-8.177 8.162c-0.436 0.451-0.436 1.178 0 1.613 0.451 0.451 1.178 0.451 1.613 0l10.113-10.113c0.451-0.436 0.451-1.162 0-1.596l-10.113-10.114z\"><\/path><\/svg><\/a><\/p>\n<\/div>\n<\/div>\n<p>[\/vc_column_text][\/vc_column][\/vc_row][vc_row rsclass=&#8220;clean&#8220; el_class=&#8220;section tt_pt_20&#8243;][vc_column rsclass=&#8220;clean&#8220; el_class=&#8220;container&#8220;][vc_row_inner rsclass=&#8220;clean&#8220;][vc_column_inner el_class=&#8220;title-wrap text-center&#8220; rsclass=&#8220;clean&#8220;][vc_column_text rsclass=&#8220;clean&#8220;]<\/p>\n<div class=\"h-sub theme-color\">Unsere Motivation<\/div>\n<p>[\/vc_column_text][vc_custom_heading text=&#8220;Ihr Wohlbefinden&#8220; font_container=&#8220;tag:h2|text_align:center&#8220; use_theme_fonts=&#8220;yes&#8220; rs_decor_place=&#8220;2&#8243; el_class=&#8220;h1&#8243;]<\/p>\n<div class=\"h-decor\"><\/div>\n<p>[\/vc_custom_heading][\/vc_column_inner][\/vc_row_inner][vc_row_inner rsclass=&#8220;clean&#8220; el_class=&#8220;row js-icn-carousel icn-carousel flex-column flex-sm-row text-center text-sm-left&#8220;][vc_column_inner el_class=&#8220;col-md&#8220; width=&#8220;1\/3&#8243; rsclass=&#8220;clean&#8220; rsinner=&#8220;icn-text&#8220;][vc_column_text rsclass=&#8220;clean&#8220;]<div class=\"icn-text-simple\"><svg class=\"icon icon-Innovation\" version=\"1.1\" xmlns=\"http:\/\/www.w3.org\/2000\/svg\" width=\"32\" height=\"32\" viewBox=\"0 0 32 32\"><title>Innovation<\/title><path d=\"M12.315 27.382c-0.033-0.786-0.098-1.572-0.131-2.358-0.033-0.819-0.459-1.441-1.015-1.998-0.753-0.753-1.539-1.474-2.293-2.227-1.343-1.343-2.129-2.948-2.424-4.815s-0.164-3.636 0.491-5.404c0.819-2.162 2.26-3.799 4.258-4.979 1.507-0.884 3.177-1.31 4.913-1.277 2.686 0.066 5.011 1.015 6.911 2.981 1.474 1.507 2.358 3.308 2.62 5.371 0.36 2.719-0.131 5.306-1.9 7.468-0.622 0.753-1.376 1.408-2.096 2.064s-1.474 1.31-1.736 2.326c-0.098 0.393-0.164 0.819-0.164 1.245-0.033 1.146-0.033 2.26 0 3.406 0 0.426-0.131 0.655-0.557 0.59-0.524-0.066-0.753 0.131-0.983 0.622-0.459 1.048-1.376 1.441-2.522 1.343-0.95-0.098-1.572-0.622-1.9-1.441-0.164-0.393-0.36-0.59-0.819-0.557-0.721 0.033-0.721 0-0.721-0.688 0-0.557 0-1.114 0-1.67 0.066 0 0.066 0 0.066 0zM16.049 24.86c0.753 0 1.507-0.033 2.26 0 0.459 0.033 0.622-0.131 0.721-0.557 0.197-0.917 0.786-1.605 1.408-2.26 0.786-0.819 1.703-1.539 2.457-2.391 1.9-2.195 2.293-4.782 1.703-7.533-0.426-1.932-1.441-3.57-3.013-4.815-2.031-1.605-4.323-2.293-6.878-1.867-2.194 0.36-4.061 1.408-5.47 3.21-1.867 2.391-2.358 5.11-1.605 8.025 0.459 1.801 1.605 3.177 2.981 4.389 1.114 0.983 2.293 1.965 2.62 3.57 0.033 0.098 0.262 0.197 0.393 0.229 0.786 0 1.605 0 2.424 0zM18.8 28.757c0-0.098 0.033-0.164 0.033-0.262 0.066-0.688 0.033-0.721-0.655-0.721-1.408 0-2.817 0-4.225 0-0.721 0-0.884 0.262-0.557 0.983 1.769 0 3.57 0 5.404 0zM13.331 25.842c0 0.328 0 0.622 0 0.95 1.834 0 3.636 0 5.47 0 0-0.197 0.033-0.393 0.033-0.557 0-0.262-0.066-0.426-0.393-0.426-1.703 0.033-3.374 0.033-5.11 0.033zM16.049 30.755c0.491 0.033 0.884-0.164 1.179-0.557 0.164-0.229 0.164-0.426-0.197-0.426-0.655 0-1.277 0-1.932 0-0.393 0-0.36 0.229-0.197 0.459 0.262 0.36 0.655 0.59 1.146 0.524zM25.056 3.767c-0.524 0.491-1.015 0.983-1.507 1.507-0.098 0.098 0 0.458 0.131 0.59 0.098 0.098 0.459 0.131 0.557 0.033 0.524-0.458 1.015-0.95 1.474-1.474 0.262-0.295 0.033-0.688-0.426-0.688-0.066 0-0.164-0.033-0.229 0.033zM6.387 3.93c-0.066 0.131-0.066 0.393 0 0.491 0.458 0.524 0.95 1.015 1.474 1.474 0.098 0.098 0.393 0.066 0.524-0.033s0.262-0.426 0.229-0.458c-0.524-0.59-1.048-1.114-1.605-1.67-0.033-0.033-0.131-0.033-0.295-0.033-0.066 0.033-0.262 0.131-0.327 0.229zM5.961 23.812c0.164 0.033 0.393-0.033 0.524-0.131 0.426-0.393 0.852-0.819 1.245-1.245 0.229-0.229 0.393-0.557 0.066-0.753-0.197-0.098-0.59-0.066-0.753 0.066-0.426 0.328-0.786 0.786-1.146 1.179-0.098 0.098-0.164 0.262-0.262 0.459 0.098 0.164 0.197 0.393 0.327 0.426zM24.205 21.814c0 0.229 0.033 0.491 0.164 0.655 0.36 0.426 0.786 0.786 1.179 1.179 0.262 0.229 0.557 0.328 0.753 0.033 0.098-0.164 0.066-0.557-0.098-0.721-0.36-0.426-0.753-0.819-1.179-1.179-0.098-0.098-0.262-0.164-0.459-0.262-0.131 0.098-0.36 0.197-0.36 0.295zM16.54 0.884c0-0.328-0.164-0.491-0.524-0.491s-0.459 0.229-0.459 0.524c0 0.426 0 0.852 0 1.277 0 0.328 0.131 0.491 0.459 0.491s0.524-0.131 0.524-0.491c0-0.229 0-0.426 0-0.655s0-0.458 0-0.655zM4.16 14.575c0.327 0 0.524-0.197 0.458-0.491-0.033-0.197-0.262-0.459-0.426-0.491-0.458-0.066-0.95-0.066-1.408 0-0.164 0.066-0.393 0.328-0.426 0.491-0.033 0.262 0.131 0.491 0.458 0.491 0.196 0 0.426 0 0.622 0 0.262 0 0.491 0 0.721 0zM29.216 14.575c0.328 0 0.557-0.164 0.557-0.491 0-0.36-0.229-0.524-0.557-0.524-0.393 0-0.819 0-1.212 0-0.328 0-0.491 0.164-0.491 0.491s0.164 0.524 0.491 0.524c0.197 0 0.393 0 0.59 0s0.393 0 0.622 0zM20.438 9.924c-0.066 0.262-0.164 0.459-0.229 0.688-0.131 0.426 0.033 0.622 0.459 0.655 1.048 0.033 1.048 0.066 1.343 1.015 0.262 0.852 0.262 0.852-0.459 1.376-0.393 0.295-0.426 0.59 0 0.884 0.622 0.393 0.786 0.295 0.459 1.343-0.066 0.196-0.131 0.36-0.197 0.557-0.131 0.393-0.393 0.524-0.786 0.491-0.95 0-0.983 0.066-0.688 0.95 0.098 0.328 0.098 0.622-0.197 0.819-0.229 0.164-0.426 0.328-0.655 0.491-0.426 0.36-0.819 0.295-1.245-0.066-0.491-0.426-0.753-0.328-0.917 0.295-0.229 0.721-0.262 0.753-1.015 0.753-0.197 0-0.393 0-0.59 0-0.459 0.033-0.721-0.164-0.852-0.622-0.197-0.786-0.459-0.852-1.081-0.36-0.36 0.295-0.688 0.36-1.048 0.066-0.164-0.131-0.328-0.229-0.491-0.328-0.622-0.459-0.655-0.524-0.393-1.245 0.197-0.557 0.033-0.753-0.557-0.753-0.852 0-0.884-0.033-1.146-0.852-0.066-0.197-0.066-0.393-0.164-0.557-0.131-0.36 0-0.557 0.262-0.753 0.098-0.066 0.197-0.131 0.295-0.197 0.426-0.295 0.426-0.59-0.033-0.917-0.655-0.459-0.655-0.459-0.459-1.212 0.033-0.164 0.098-0.295 0.164-0.459 0.131-0.524 0.426-0.753 0.983-0.721 0.753 0.033 0.852-0.131 0.59-0.852-0.197-0.491-0.033-0.819 0.328-1.114 0.164-0.131 0.328-0.197 0.491-0.328 0.393-0.328 0.786-0.295 1.179 0.033 0.557 0.459 0.852 0.36 1.015-0.36 0.131-0.524 0.426-0.688 0.917-0.688 0.197 0 0.393 0 0.59 0 0.688 0 0.786 0.066 0.95 0.721s0.622 0.688 0.983 0.328c0.393-0.426 0.786-0.393 1.212-0.066 0.262 0.197 0.524 0.393 0.753 0.622 0.131 0.098 0.164 0.229 0.229 0.36zM12.938 10.907c0 0.59-0.753 1.245-1.31 1.245-0.295 0-0.524 0-0.655 0.36-0.098 0.36 0.131 0.426 0.328 0.557 0.655 0.459 0.655 1.605 0 2.063-0.197 0.131-0.426 0.197-0.328 0.557s0.36 0.328 0.622 0.328c0.884 0 1.507 0.852 1.245 1.67-0.066 0.197-0.229 0.393 0.066 0.622 0.262 0.197 0.459 0.131 0.688-0.066 0.753-0.557 1.736-0.229 2.031 0.688 0.066 0.229 0.098 0.393 0.426 0.393s0.426-0.164 0.491-0.426c0.066-0.229 0.131-0.491 0.295-0.655 0.459-0.36 1.212-0.328 1.769 0 0.164 0.098 0.426 0.098 0.59 0.033 0.098-0.066 0.164-0.36 0.131-0.524-0.262-0.95 0.262-1.736 1.277-1.736 0.295 0 0.524-0.066 0.524-0.36 0-0.164-0.098-0.393-0.229-0.491-0.786-0.557-0.753-1.605 0.033-2.194 0.131-0.098 0.229-0.328 0.197-0.459-0.066-0.164-0.262-0.262-0.426-0.36-0.066-0.033-0.164 0-0.229 0-0.819 0-1.441-0.884-1.179-1.67 0.098-0.229 0.229-0.426-0.066-0.655-0.295-0.197-0.459-0.066-0.688 0.066-0.753 0.524-1.67 0.229-1.998-0.655-0.098-0.197-0.164-0.393-0.491-0.393-0.36 0-0.393 0.197-0.459 0.426-0.295 0.917-1.31 1.212-2.063 0.622-0.229-0.164-0.426-0.229-0.59 0-0.098 0.131-0.131 0.36-0.131 0.557-0.033 0.164 0.066 0.36 0.131 0.459z\"><\/path><\/svg><\/div>\n<div class=\"ch\">\n<h5 class=\"icn-text-title\">FORTBILDUNG<\/h5>\n<p class=\"ch\">Berufliche Weiterbildungen sind wichtiger Bestandteil unserer t\u00e4glichen Arbeit. Das medizinische Wissen w\u00e4chst st\u00e4ndig. Wir sind um unsere Fortbildungen bem\u00fcht. Nur durch regelm\u00e4\u00dfige berufliche Weiterbildungen k\u00f6nnen wir Sie gewissenhaft beraten.<\/p>\n<\/div>\n<p>[\/vc_column_text][\/vc_column_inner][vc_column_inner el_class=&#8220;col-md&#8220; width=&#8220;1\/3&#8243; rsclass=&#8220;clean&#8220; rsinner=&#8220;icn-text&#8220;][vc_column_text rsclass=&#8220;clean&#8220;]<div class=\"icn-text-simple\"><svg class=\"icon icon-Compassion\" version=\"1.1\" xmlns=\"http:\/\/www.w3.org\/2000\/svg\" width=\"32\" height=\"32\" viewBox=\"0 0 32 32\"><title>Compassion<\/title><path d=\"M26.399 26.89c0.622 0.131 1.015 0.622 0.983 1.277-0.033 0.917 0 1.834 0 2.784-0.36 0-0.721 0-1.114 0 0-0.491 0-0.95 0-1.441s0-0.95 0-1.474c-2.096 0-4.16 0-6.256 0 0 0.95 0 1.932 0 2.915-0.393 0-0.721 0-1.114 0 0-0.098 0-0.197 0-0.295 0-0.819 0.033-1.605 0-2.424-0.033-0.655 0.229-1.146 0.983-1.376 0-1.146-0.033-2.293 0-3.439 0.033-1.081 0.393-2.031 1.146-2.817 1.605-1.605 3.21-3.21 4.815-4.815 0.098-0.098 0.295-0.164 0.459-0.197 0.622-0.033 1.212 0 1.736 0.426 0.491 0.393 0.753 0.917 0.819 1.539 0.066 0.59-0.131 1.015-0.59 1.441-0.95 0.884-1.834 1.834-2.784 2.751-0.262 0.262-0.295 0.262-0.557 0-0.622-0.622-0.622-0.491 0-1.114 0.852-0.852 1.703-1.703 2.555-2.555 0.36-0.36 0.328-0.917-0.098-1.212-0.36-0.262-0.721-0.229-1.015 0.066-1.507 1.507-2.981 2.981-4.487 4.487-0.557 0.557-0.852 1.212-0.884 1.932-0.066 1.179 0 2.326 0 3.505 1.441 0 2.849 0 4.291 0-0.033-0.622 0.066-1.245 0.393-1.769 0.229-0.36 0.491-0.753 0.786-1.048 1.114-1.146 2.293-2.293 3.439-3.439 0.524-0.557 0.819-1.179 0.819-1.965-0.033-2.456 0-4.913 0-7.37 0-0.721-0.622-1.146-1.277-0.917-0.328 0.131-0.557 0.459-0.557 0.884 0 1.245 0 2.522 0 3.767 0 0.033 0 0.066 0 0.131-0.36 0-0.688 0-1.114 0 0-0.098 0-0.197 0-0.328 0-1.212 0-2.424 0-3.668 0-1.015 0.819-1.932 1.834-2.031 1.114-0.098 2.031 0.688 2.227 1.769 0 0.098 0 0.197 0 0.262 0 2.522-0.033 5.011 0 7.533 0 1.081-0.426 1.965-1.146 2.718-1.179 1.212-2.391 2.358-3.57 3.57-0.491 0.59-0.786 1.179-0.721 1.932zM12.119 23.582c-0.033-1.212-0.426-2.26-1.277-3.112-1.441-1.441-2.882-2.849-4.291-4.323-0.426-0.426-0.819-0.655-1.441-0.59s-1.146 0.328-1.539 0.819c-0.426 0.524-0.458 1.146-0.426 1.769 0 0.131 0.066 0.295 0.164 0.393 0.95 0.983 1.932 1.932 2.915 2.915 0.622 0.622 0.491 0.622 1.114 0 0.262-0.262 0.262-0.295 0-0.557-0.95-0.95-1.867-1.867-2.817-2.817-0.295-0.295-0.36-0.59-0.131-0.983 0.262-0.459 0.884-0.557 1.245-0.197 1.474 1.474 2.981 2.981 4.454 4.454 0.622 0.622 0.917 1.376 0.917 2.227 0 0.786 0 1.572 0 2.358 0 0.295 0 0.59 0 0.884-1.441 0-2.882 0-4.291 0-0.033-0.262-0.033-0.524-0.066-0.753-0.131-0.884-0.59-1.572-1.212-2.162-1.146-1.146-2.293-2.293-3.439-3.439-0.426-0.426-0.688-0.983-0.688-1.703 0-2.489 0-4.979 0-7.468 0-0.622 0.36-1.015 0.917-1.015s0.917 0.393 0.917 1.015c0 1.179 0 2.391 0 3.57 0 0.098 0 0.229 0 0.328 0.393 0 0.753 0 1.114 0 0-0.131 0-0.229 0-0.36 0-1.212 0-2.424 0-3.636 0-0.197-0.033-0.36-0.066-0.524-0.262-0.917-1.245-1.605-2.227-1.474-1.048 0.164-1.769 1.048-1.769 1.998 0 2.62 0 5.241 0 7.861 0 0.131 0.033 0.229 0.033 0.36 0.164 0.884 0.622 1.572 1.212 2.195 1.146 1.146 2.293 2.293 3.439 3.439 0.491 0.491 0.786 1.081 0.721 1.834-0.655 0.131-1.048 0.655-0.983 1.277 0.033 0.491 0 1.015 0 1.507 0 0.426 0 0.852 0 1.277 0.393 0 0.753 0 1.114 0 0-0.983 0-1.932 0-2.915 2.096 0 4.16 0 6.289 0 0 0.983 0 1.965 0 2.915 0.393 0 0.721 0 1.081 0 0-0.917-0.033-1.834 0-2.751 0.033-0.655-0.262-1.146-0.983-1.343 0-1.081 0.033-2.162 0-3.275zM14.641 2.653c-1.343-1.114-2.915-1.605-4.651-1.179-1.67 0.393-2.849 1.441-3.537 3.013-0.524 1.245-0.426 2.555-0.164 3.832 0.557 2.489 1.867 4.553 3.537 6.42 0.786 0.884 1.67 1.703 2.588 2.456 1.048 0.852 2.194 1.605 3.275 2.424 0.229 0.164 0.426 0.131 0.622 0 2.26-1.441 4.323-3.112 6.092-5.142 1.048-1.212 1.965-2.522 2.587-4.029 0.655-1.539 1.048-3.144 0.852-4.848-0.131-1.114-0.655-2.063-1.441-2.817-1.146-1.114-2.555-1.638-4.16-1.408-1.277 0.164-2.358 0.721-3.275 1.605-0.36 0.36-0.655 0.753-0.95 1.081-0.426-0.458-0.852-0.983-1.376-1.408zM16.54 6.354c0.066-1.081 0.491-1.965 1.277-2.686 0.721-0.655 1.539-1.048 2.522-1.179 1.31-0.196 2.424 0.164 3.341 1.081 0.95 0.95 1.245 2.129 1.081 3.472-0.131 1.179-0.459 2.293-0.983 3.341-0.491 1.048-1.146 2.031-1.9 2.915-0.459 0.557-0.95 1.081-1.474 1.605-1.31 1.343-2.817 2.489-4.389 3.505-1.212-0.786-2.358-1.638-3.406-2.588-1.507-1.343-2.85-2.817-3.898-4.553-0.721-1.212-1.212-2.489-1.408-3.865-0.164-1.114-0.098-2.194 0.524-3.177s1.539-1.539 2.686-1.736c1.736-0.295 3.865 0.786 4.585 2.424 0.197 0.458 0.295 0.95 0.426 1.441 0.295 0 0.655 0 1.015 0zM20.864 3.341c0 0.36 0 0.688 0 1.081 0.557 0 1.048 0.197 1.408 0.557s0.524 0.884 0.557 1.408c0.36 0 0.721 0 1.081 0 0.098-1.769-1.605-3.243-3.046-3.046z\"><\/path><\/svg><\/div>\n<div class=\"tt\">\n<h5 class=\"icn-text-title\">HAND IN HAND<\/h5>\n<p class=\"tt\">Neben unserer haus\u00e4rztlichen Versorgung\u00a0 haben wir uns auf diverse Teilgebiete der Medizin spezialisiert, sodass wir Ihnen ein spezifisches und \u00fcbergreifendes Leistungsspektrum anbieten k\u00f6nnen.<\/p>\n<\/div>\n<p>[\/vc_column_text][\/vc_column_inner][vc_column_inner el_class=&#8220;col-md&#8220; width=&#8220;1\/3&#8243; rsclass=&#8220;clean&#8220; rsinner=&#8220;icn-text&#8220;][vc_column_text rsclass=&#8220;clean&#8220;]<div class=\"icn-text-simple\"><svg class=\"icon icon-Integrity\" version=\"1.1\" xmlns=\"http:\/\/www.w3.org\/2000\/svg\" width=\"32\" height=\"32\" viewBox=\"0 0 32 32\"><title>Integrity<\/title><path d=\"M28 20v3.26c-0.095 0.398-0.739 2.74-2.667 2.74-0.368 0-0.667 0.299-0.667 0.667v4h-12.666v-4.667c0-2.109-1.308-2.667-2-2.667h-4c-0.054 0.003-0.108 0.003-0.163 0-0.692-0.045-1.216-0.642-1.171-1.333v-2.485c-0-0.191-0.082-0.372-0.225-0.499-0.668-0.616-1.534-0.976-2.442-1.016-0.003 0-0.006 0.001-0.008 0.001-0.321 0.034-0.61-0.198-0.644-0.52l3.236-5.867c0.055-0.099 0.083-0.21 0.083-0.323v-1.292c0.006-4.784 3.883-8.661 8.667-8.666h1.333v-1.333h-1.333c-5.52 0.006-9.993 4.48-10 10v1.121l-3.25 5.891c-0.055 0.099-0.083 0.209-0.083 0.322-0.001 0.038-0.001 0.076 0 0.114 0.031 1.073 0.927 1.918 2 1.886 0.485 0.027 0.95 0.201 1.333 0.499v2.167c-0.002 0.050-0.002 0.101 0 0.152 0.042 1.431 1.236 2.557 2.667 2.515h3.981c0.115 0.007 0.686 0.106 0.686 1.333v5.333c0 0.368 0.299 0.667 0.667 0.667h14c0.368 0 0.667-0.299 0.667-0.667v-4.059c2.083-0.394 3.077-2.593 3.32-3.808 0.009-0.044 0.014-0.089 0.013-0.133v-3.333h-1.333z\"><\/path><path d=\"M30.667 6.667h-0.667v-2.667c0-1.104-0.895-2-2-2h-2.667v-0.667c0-0.736-0.597-1.333-1.333-1.333h-2.667c-0.736 0-1.333 0.597-1.333 1.333v0.667h-2.667c-1.105 0-2 0.895-2 2v3.333c0 0.368 0.299 0.667 0.667 0.667h1.333v2.667h-1.333c-0.368 0-0.667 0.299-0.667 0.667v3.333c0 1.104 0.895 2 2 2h3.333c0.368 0 0.667-0.299 0.667-0.667v-1.333h2.667v1.333c0 0.368 0.299 0.667 0.667 0.667h3.333c1.105 0 2-0.895 2-2v-2.667h0.667c0.736 0 1.333-0.597 1.333-1.333v-2.667c0-0.736-0.597-1.333-1.333-1.333zM30.667 10.667v0h-1.333c-0.368 0-0.667 0.299-0.667 0.667v3.333c0 0.368-0.299 0.667-0.667 0.667h-2.667v-0.667c0-0.736-0.597-1.333-1.333-1.333h-2.667c-0.736 0-1.333 0.597-1.333 1.333v0.667h-2.667c-0.368 0-0.667-0.299-0.667-0.667v-2.667h0.667c0.736 0 1.333-0.597 1.333-1.333v-2.667c0-0.736-0.597-1.333-1.333-1.333h-0.666v-2.667c0-0.368 0.299-0.667 0.667-0.667h3.333c0.368 0 0.667-0.298 0.667-0.667v-1.333h2.667v1.333c0 0.368 0.299 0.667 0.667 0.667h3.333c0.368 0 0.667 0.298 0.667 0.667v3.333c0 0.368 0.299 0.667 0.667 0.667h1.333v2.667z\"><\/path><path d=\"M23.334 18.667v1.333c0 0.368-0.299 0.667-0.667 0.667h-2.667v-0.667c0-0.736-0.597-1.333-1.333-1.333h-2.667c-0.736 0-1.333 0.597-1.333 1.333v0.667h-2.667c-0.368 0-0.667-0.299-0.667-0.667v-2.667h0.667c0.736 0 1.333-0.597 1.333-1.333v-2.667c0-0.736-0.597-1.333-1.333-1.333h-0.667v-2.667c0-0.368 0.299-0.667 0.667-0.667h1.333v-1.333h-1.333c-1.104 0-2 0.895-2 2v3.333c0 0.368 0.299 0.667 0.667 0.667h1.333v2.667h-1.333c-0.368 0-0.667 0.299-0.667 0.667v3.333c0 1.105 0.895 2 2 2h3.333c0.368 0 0.667-0.299 0.667-0.667v-1.333h2.667v1.333c0 0.368 0.299 0.667 0.667 0.667h3.333c1.105 0 2-0.895 2-2v-1.333h-1.333z\"><\/path><\/svg><\/div>\n<div class=\"tt\">\n<h5 class=\"icn-text-title\">WEITERDENKEN<\/h5>\n<p class=\"tt\">Bedarf es einer weiterf\u00fchrenden Diagnostik oder Therapie, werden wir nicht z\u00f6gern, Sie an einen Kollegen zu \u00fcberweisen, der unseren hohen Anspr\u00fcchen an gewissenhafter Arbeit, menschlicher F\u00fcrsorge und technischer Ausstattung gen\u00fcgt.<\/p>\n<\/div>\n<p>[\/vc_column_text][\/vc_column_inner][\/vc_row_inner][\/vc_column][\/vc_row]<\/p>\n<\/div>","protected":false},"excerpt":{"rendered":"<p>[vc_row full_width=&#8220;stretch_row&#8220; rsclass=&#8220;clean&#8220; el_class=&#8220;container&#8220;][vc_column rsclass=&#8220;clean&#8220;][vc_row_inner rsclass=&#8220;clean&#8220; el_class=&#8220;row&#8220;][vc_column_inner el_class=&#8220;col-lg-6 text-center text-lg-left pr-md-4&#8243; rsclass=&#8220;clean&#8220;][vc_column_text css=&#8220;&#8220; rsclass=&#8220;clean&#8220;] Aktuelle Informationen zur Akutsprechtunde Wir bieten t\u00e4glich eine Akutsprechstunde\u00a0zwischen 11.00 und 12.00 Uhr an. Diese dient zur akuten Behandlung einer spontaner Erkrankung unserer Bestandspatienten. Telefonische Anmeldung\u00a0 ist am gleichen Tag m\u00f6glich oder nutzen Sie die online Terminvergabe \u00fcber doctolib.de bereits 24h <\/p>\n<div class=\"btn-more-wrapper\"><a href=\"https:\/\/www.haifamed.de\/content\/unsere-services\/akutsprechstunde\/\" class=\"btn btn-sm btn-hover-fill\"><svg class=\"icon icon-right-arrow\" version=\"1.1\" xmlns=\"http:\/\/www.w3.org\/2000\/svg\" width=\"32\" height=\"32\" viewBox=\"0 0 32 32\"><title>right-arrow<\/title><path d=\"M21.548 5.088c-0.436-0.451-1.162-0.451-1.613 0-0.436 0.436-0.436 1.162 0 1.596l8.177 8.177h-26.984c-0.629 0.001-1.129 0.501-1.129 1.13s0.5 1.145 1.129 1.145h26.984l-8.177 8.162c-0.436 0.451-0.436 1.178 0 1.613 0.451 0.451 1.178 0.451 1.613 0l10.113-10.113c0.451-0.436 0.451-1.162 0-1.596l-10.113-10.114z\"><\/path><\/svg>Weiterlesen<span class=\"screen-reader-text\"> &#8222;Akutsprechstunde&#8220;<\/span><svg class=\"icon icon-right-arrow\" version=\"1.1\" xmlns=\"http:\/\/www.w3.org\/2000\/svg\" width=\"32\" height=\"32\" viewBox=\"0 0 32 32\"><title>right-arrow<\/title><path d=\"M21.548 5.088c-0.436-0.451-1.162-0.451-1.613 0-0.436 0.436-0.436 1.162 0 1.596l8.177 8.177h-26.984c-0.629 0.001-1.129 0.501-1.129 1.13s0.5 1.145 1.129 1.145h26.984l-8.177 8.162c-0.436 0.451-0.436 1.178 0 1.613 0.451 0.451 1.178 0.451 1.613 0l10.113-10.113c0.451-0.436 0.451-1.162 0-1.596l-10.113-10.114z\"><\/path><\/svg><\/a><\/div>\n","protected":false},"author":1,"featured_media":0,"parent":2353,"menu_order":2,"comment_status":"closed","ping_status":"closed","template":"custompagett.php","meta":{"footnotes":""},"class_list":["post-2363","page","type-page","status-publish","hentry"],"_links":{"self":[{"href":"https:\/\/www.haifamed.de\/content\/wp-json\/wp\/v2\/pages\/2363"}],"collection":[{"href":"https:\/\/www.haifamed.de\/content\/wp-json\/wp\/v2\/pages"}],"about":[{"href":"https:\/\/www.haifamed.de\/content\/wp-json\/wp\/v2\/types\/page"}],"author":[{"embeddable":true,"href":"https:\/\/www.haifamed.de\/content\/wp-json\/wp\/v2\/users\/1"}],"replies":[{"embeddable":true,"href":"https:\/\/www.haifamed.de\/content\/wp-json\/wp\/v2\/comments?post=2363"}],"version-history":[{"count":12,"href":"https:\/\/www.haifamed.de\/content\/wp-json\/wp\/v2\/pages\/2363\/revisions"}],"predecessor-version":[{"id":3502,"href":"https:\/\/www.haifamed.de\/content\/wp-json\/wp\/v2\/pages\/2363\/revisions\/3502"}],"up":[{"embeddable":true,"href":"https:\/\/www.haifamed.de\/content\/wp-json\/wp\/v2\/pages\/2353"}],"wp:attachment":[{"href":"https:\/\/www.haifamed.de\/content\/wp-json\/wp\/v2\/media?parent=2363"}],"curies":[{"name":"wp","href":"https:\/\/api.w.org\/{rel}","templated":true}]}}