{"id":2290,"date":"2019-11-06T14:07:35","date_gmt":"2019-11-06T13:07:35","guid":{"rendered":"https:\/\/www.haifamed.de\/content\/?page_id=2290"},"modified":"2026-04-08T16:17:56","modified_gmt":"2026-04-08T14:17:56","slug":"impressum","status":"publish","type":"page","link":"https:\/\/www.haifamed.de\/content\/impressum\/","title":{"rendered":"Impressum"},"content":{"rendered":"<div class=\"wpb-content-wrapper\"><p>[vc_row full_width=&#8220;stretch_row&#8220; rsclass=&#8220;clean&#8220; el_class=&#8220;container&#8220;][vc_column rsclass=&#8220;clean&#8220;][vc_row_inner][vc_column_inner][vc_column_text css=&#8220;&#8220;]<b>haifa.med eGbR<br \/>\nGemeinschaftspraxis<br \/>\nf\u00fcr haus\u00e4rztliche Versorgung am Haifa Park<br \/>\n<\/b>Anselm K. Gottstein und<br \/>\nDr. medic Teodora Radulescu<br \/>\nDr. med. Gilbert Boch<br \/>\nWerdener Str. 8<br \/>\n40227 D\u00fcsseldorf<\/p>\n<p>Telefon: 0211- 2 00 70 50<br \/>\nFAX: 0211-7206642<br \/>\nE-Mail: <a href=\"mailto:praxis@hausaerzte-oberbilker-markt.de\" target=\"_blank\" rel=\"noopener noreferrer\">praxis@hausaerzte-oberbilker-markt.de<\/a><\/p>\n<p><b>Verantwortlich f\u00fcr den Inhalt der Domain:<\/b><br \/>\nAnselm K. Gottstein, Dr. medic Teodora Radulescu, Dr. Gilbert Boch<\/p>\n<p><b>Berufsbezeichnungen:<\/b><br \/>\nDr. medic Teodora Raduelscu: Fach\u00e4rztin f\u00fcr Innere Medizin, Zusatzbezeichnung Diabetologie, Zusatzbezeichnung Phlebologie<br \/>\nAnselm K. Gottstein: Facharzt f\u00fcr Allgemeinmedizin Zusatzbezeichnung Akupunktur<br \/>\nDr. med. Gilbert Boch: Facharzt f\u00fcr Allgemeinmedizin und Sportmedizin<br \/>\nDie Berufsbezeichnungen wurden in Deutschland verliehen.<\/p>\n<p><b>zust\u00e4ndige Aufsichtsbeh\u00f6rde:<\/b><br \/>\nzust\u00e4ndige \u00c4rztekammer: <a href=\"http:\/\/www.aekno.de\/htmljava\/frameset_html.asp?\" target=\"_blank\" rel=\"noopener noreferrer\">\u00c4rztekammer Nordrhein<\/a><br \/>\nK\u00f6rperschaft des \u00f6ffentlichen Rechts<br \/>\nTersteegenstr. 9, 40474 D\u00fcsseldorf<br \/>\nTelefonnummer 0211 \/ 4302 0<br \/>\n<a href=\"http:\/\/www.aekno.de\/\">www.aekno.de<\/a><\/p>\n<p>&#8230;&#8230;&#8230;&#8230;&#8230;&#8230;&#8230;&#8230;&#8230;&#8230;&#8230;&#8230;&#8230;&#8230;&#8230;&#8230;&#8230;&#8230;&#8230;&#8230;&#8230;&#8230;&#8230;&#8230;&#8230;&#8230;&#8230;&#8230;&#8230;&#8230;&#8230;&#8230;&#8230;&#8230;&#8230;&#8230;&#8230;&#8230;&#8230;&#8230;&#8230;&#8230;&#8230;&#8230;&#8230;&#8230;&#8230;<\/p>\n<p><b>Nutzung &amp; Haftung<\/b><\/p>\n<p><b>Disclaimer <\/b><br \/>\nDer Disclaimer regelt die Benutzung des Internetangebots der Praxis Dr. medic Teodora Radulescu,\u00a0 Anselm K. Gottstein und Dr. med. Gilbert Boch. Zu zahlreichen Seiten, insbesondere Informationsangeboten, besteht ein unentgeltlicher und freier Zugang f\u00fcr den User. F\u00fcr diese frei nutzbaren Seiten \u00fcbernehmen wir keine Verantwortung f\u00fcr die Aktualit\u00e4t, Richtigkeit und Vollst\u00e4ndigkeit der Inhalte und die Ergebnisse, die der Nutzer oder Dritte auf Grund von Informationen der Web-Seiten erzielen zu k\u00f6nnen meint, und f\u00fcr Informationen Dritter, die auf diesen Web-Seiten enthalten oder \u00fcber diese zug\u00e4nglich sind. Wir \u00fcbernehmen keine Gew\u00e4hrleistung daf\u00fcr, dass die Inhalte auf diesen Web-Seiten frei von Fehlern und f\u00fcr bestimmte Zwecke geeignet sind. Der Abruf der bereitgehaltenen Informationen darf nur in einer Weise geschehen, der die Nutzung unseres Online-Angebotes durch die \u00fcbrigen Besucher nicht wesentlich beeintr\u00e4chtigt.<\/p>\n<p><b>Urhebernutzungsrechte<br \/>\n<\/b>Die Web-Seiten der Praxis Dr. medic Teodora Radulescu,\u00a0 Anselm K. Gottstein und Dr. med. Gilbert Boch, ihre Struktur und s\u00e4mtliche darin enthaltenen Funktionalit\u00e4ten, Informationen, Daten, Texte, Bild- und Tonmaterialien sowie alle zur Funktionalit\u00e4t dieser Web-Seiten eingesetzten Komponenten unterliegen dem gesetzlich gesch\u00fctzten Urheberrecht. Der User darf die Inhalte nur im Rahmen der angebotenen Funktionalit\u00e4ten der Web-Seiten f\u00fcr seinen pers\u00f6nlichen Gebrauch nutzen und erwirbt im \u00dcbrigen keinerlei Rechte an den Inhalten und Programmen.<\/p>\n<p><b>Links<\/b><br \/>\nDie Web-Seiten der Praxis Dr. medic Tedora Radulescu,\u00a0 Anselm K. Gottstein und Dr. med. Gilbert Boch k\u00f6nnen Links zu den Web-Seiten anderer Anbieter enthalten, f\u00fcr deren Inhalte wir keine Haftung \u00fcbernehmen. Die Einrichtung eines Hyper- und eines Inline-Links von anderen Webseiten auf die Webseiten der Praxis Dr. medic Teodora Raduelscu,\u00a0 Anselm K. Gottstein und Dr. med. Gilbert Boch, ohne vorherige schriftliche Zustimmung von uns, wird nicht untersagt, es ist allerdings unzul\u00e4ssig, die zum Internetangebot der Praxis Dr. medic Teodora Radulescu,\u00a0 Anselm K. Gottstein und Dr. med. Gilbert Boch, geh\u00f6renden Webseiten oder deren Inhalte mittels Hyperlink in einem Teilfenster (Frame) einzubinden oder darzustellen.<\/p>\n<p><b>Anwendbares Recht<br \/>\n<\/b>Diese Bedingungen unterliegen deutschem Recht.<\/p>\n<p>&#8230;&#8230;&#8230;&#8230;&#8230;&#8230;&#8230;&#8230;&#8230;&#8230;&#8230;&#8230;&#8230;&#8230;&#8230;&#8230;&#8230;&#8230;&#8230;&#8230;&#8230;&#8230;&#8230;&#8230;&#8230;&#8230;&#8230;&#8230;&#8230;&#8230;&#8230;&#8230;&#8230;&#8230;&#8230;&#8230;&#8230;&#8230;&#8230;&#8230;&#8230;&#8230;&#8230;&#8230;&#8230;&#8230;&#8230;<\/p>\n<p><b>Photomaterial:<br \/>\n<\/b>Gemeinschaftspraxis Dr. medic Teodora Radulescu,\u00a0 Anselm K. Gottstein und Dr. med. Gilbert Boch<br \/>\nPhotocase \/ istockphoto \/ Shutterstock \/ unsplash.com\/canva.com\/Christian Latsch[\/vc_column_text][\/vc_column_inner][\/vc_row_inner][\/vc_column][\/vc_row]<\/p>\n<\/div>","protected":false},"excerpt":{"rendered":"<p>[vc_row full_width=&#8220;stretch_row&#8220; rsclass=&#8220;clean&#8220; el_class=&#8220;container&#8220;][vc_column rsclass=&#8220;clean&#8220;][vc_row_inner][vc_column_inner][vc_column_text css=&#8220;&#8220;]haifa.med eGbR Gemeinschaftspraxis f\u00fcr haus\u00e4rztliche Versorgung am Haifa Park Anselm K. Gottstein und Dr. medic Teodora Radulescu Dr. med. Gilbert Boch Werdener Str. 8 40227 D\u00fcsseldorf Telefon: 0211- 2 00 70 50 FAX: 0211-7206642 E-Mail: praxis@hausaerzte-oberbilker-markt.de Verantwortlich f\u00fcr den Inhalt der Domain: Anselm K. Gottstein, Dr. medic Teodora Radulescu, Dr. <\/p>\n<div class=\"btn-more-wrapper\"><a href=\"https:\/\/www.haifamed.de\/content\/impressum\/\" class=\"btn btn-sm btn-hover-fill\"><svg class=\"icon icon-right-arrow\" version=\"1.1\" xmlns=\"http:\/\/www.w3.org\/2000\/svg\" width=\"32\" height=\"32\" viewBox=\"0 0 32 32\"><title>right-arrow<\/title><path d=\"M21.548 5.088c-0.436-0.451-1.162-0.451-1.613 0-0.436 0.436-0.436 1.162 0 1.596l8.177 8.177h-26.984c-0.629 0.001-1.129 0.501-1.129 1.13s0.5 1.145 1.129 1.145h26.984l-8.177 8.162c-0.436 0.451-0.436 1.178 0 1.613 0.451 0.451 1.178 0.451 1.613 0l10.113-10.113c0.451-0.436 0.451-1.162 0-1.596l-10.113-10.114z\"><\/path><\/svg>Weiterlesen<span class=\"screen-reader-text\"> &#8222;Impressum&#8220;<\/span><svg class=\"icon icon-right-arrow\" version=\"1.1\" xmlns=\"http:\/\/www.w3.org\/2000\/svg\" width=\"32\" height=\"32\" viewBox=\"0 0 32 32\"><title>right-arrow<\/title><path d=\"M21.548 5.088c-0.436-0.451-1.162-0.451-1.613 0-0.436 0.436-0.436 1.162 0 1.596l8.177 8.177h-26.984c-0.629 0.001-1.129 0.501-1.129 1.13s0.5 1.145 1.129 1.145h26.984l-8.177 8.162c-0.436 0.451-0.436 1.178 0 1.613 0.451 0.451 1.178 0.451 1.613 0l10.113-10.113c0.451-0.436 0.451-1.162 0-1.596l-10.113-10.114z\"><\/path><\/svg><\/a><\/div>\n","protected":false},"author":1,"featured_media":0,"parent":0,"menu_order":0,"comment_status":"closed","ping_status":"closed","template":"custompagett.php","meta":{"footnotes":""},"class_list":["post-2290","page","type-page","status-publish","hentry"],"_links":{"self":[{"href":"https:\/\/www.haifamed.de\/content\/wp-json\/wp\/v2\/pages\/2290"}],"collection":[{"href":"https:\/\/www.haifamed.de\/content\/wp-json\/wp\/v2\/pages"}],"about":[{"href":"https:\/\/www.haifamed.de\/content\/wp-json\/wp\/v2\/types\/page"}],"author":[{"embeddable":true,"href":"https:\/\/www.haifamed.de\/content\/wp-json\/wp\/v2\/users\/1"}],"replies":[{"embeddable":true,"href":"https:\/\/www.haifamed.de\/content\/wp-json\/wp\/v2\/comments?post=2290"}],"version-history":[{"count":3,"href":"https:\/\/www.haifamed.de\/content\/wp-json\/wp\/v2\/pages\/2290\/revisions"}],"predecessor-version":[{"id":3523,"href":"https:\/\/www.haifamed.de\/content\/wp-json\/wp\/v2\/pages\/2290\/revisions\/3523"}],"wp:attachment":[{"href":"https:\/\/www.haifamed.de\/content\/wp-json\/wp\/v2\/media?parent=2290"}],"curies":[{"name":"wp","href":"https:\/\/api.w.org\/{rel}","templated":true}]}}