{"id":2106,"date":"2019-11-05T14:27:40","date_gmt":"2019-11-05T13:27:40","guid":{"rendered":"https:\/\/www.haifamed.de\/content\/?page_id=2106"},"modified":"2026-01-28T12:38:47","modified_gmt":"2026-01-28T11:38:47","slug":"dr-med-martin-reith","status":"publish","type":"page","link":"https:\/\/www.haifamed.de\/content\/unser-team\/dr-med-martin-reith\/","title":{"rendered":"Dr. medic. Teodora Radulescu"},"content":{"rendered":"<div class=\"wpb-content-wrapper\"><p>[vc_row rsclass=&#8220;clean&#8220; el_class=&#8220;row&#8220;][vc_column width=&#8220;1\/4&#8243; rsclass=&#8220;clean&#8220; el_class=&#8220;col-md&#8220; offset=&#8220;vc_hidden-xs&#8220;][vc_single_image image=&#8220;3484&#8243; img_size=&#8220;full&#8220; css=&#8220;.vc_custom_1769600320620{margin-bottom: 24px !important;}&#8220; rsclass=&#8220;clean&#8220; el_class=&#8220;doctor-page-photo text-center tt_pt_3&#8243; rs_image_class=&#8220;img-fluid&#8220;][\/vc_single_image][vc_column_text css=&#8220;.vc_custom_1768234091541{margin-top: 24px !important;margin-bottom: 24px !important;}&#8220; rsclass=&#8220;clean&#8220;]<a class=\"btn\" href=\"https:\/\/www.doctolib.de\/hausarztlich-tatige-internist-in\/duesseldorf\/teodora-radulescu-duesseldorf\" target=\"_blank\" rel=\"noopener noreferrer\"><svg class=\"icon icon-health-care\" version=\"1.1\" xmlns=\"http:\/\/www.w3.org\/2000\/svg\" width=\"32\" height=\"32\" viewBox=\"0 0 32 32\"><title>health-care<\/title><path d=\"M30.983 10.833h-9.817v-9.817c0-0.31-0.207-0.517-0.517-0.517h-9.3c-0.31 0-0.517 0.207-0.517 0.517v9.817h-9.817c-0.31 0-0.517 0.207-0.517 0.517v9.3c0 0.31 0.207 0.517 0.517 0.517h9.817v9.817c0 0.31 0.207 0.517 0.517 0.517h5.683v-1.033h-5.167v-9.817c0-0.31-0.207-0.517-0.517-0.517h-9.817v-8.267h9.817c0.31 0 0.517-0.207 0.517-0.517v-9.817h8.267v9.817c0 0.31 0.207 0.517 0.517 0.517h9.817v8.783h1.033v-9.3c0-0.31-0.207-0.517-0.517-0.517z\"><\/path><path d=\"M27.883 22.717h-5.167c-2.015 0-3.617 1.602-3.617 3.617v5.167h1.033v-5.167c0-1.447 1.137-2.583 2.583-2.583h2.067v3.617h1.033v-3.617h2.067c1.447 0 2.583 1.137 2.583 2.583v5.167h1.033v-5.167c0-2.015-1.602-3.617-3.617-3.617z\"><\/path><path d=\"M24.783 22.2h1.033c1.447 0 2.583-1.137 2.583-2.583v-1.55c0-1.447-1.137-2.583-2.583-2.583h-1.033c-1.447 0-2.583 1.137-2.583 2.583v1.55c0 1.447 1.137 2.583 2.583 2.583zM23.233 18.067c0-0.878 0.672-1.55 1.55-1.55h1.033c0.878 0 1.55 0.672 1.55 1.55v1.55c0 0.878-0.672 1.55-1.55 1.55h-1.033c-0.878 0-1.55-0.672-1.55-1.55v-1.55z\"><\/path><path d=\"M21.683 27.883h1.033v3.617h-1.033v-3.617z\"><\/path><path d=\"M27.883 27.883h1.033v3.617h-1.033v-3.617z\"><\/path><path d=\"M12.9 2.567h1.033v1.033h-1.033v-1.033z\"><\/path><path d=\"M2.567 12.9h1.033v1.033h-1.033v-1.033z\"><\/path><path d=\"M28.4 12.9h1.033v1.033h-1.033v-1.033z\"><\/path><path d=\"M2.567 18.067h1.033v1.033h-1.033v-1.033z\"><\/path><path d=\"M12.9 28.4h1.033v1.033h-1.033v-1.033z\"><\/path><path d=\"M18.067 2.567h1.033v1.033h-1.033v-1.033z\"><\/path><path d=\"M22.2 8.767h1.033v1.033h-1.033v-1.033z\"><\/path><path d=\"M24.267 8.767h1.033v1.033h-1.033v-1.033z\"><\/path><path d=\"M26.333 8.767h1.033v1.033h-1.033v-1.033z\"><\/path><path d=\"M8.767 8.767h1.033v1.033h-1.033v-1.033z\"><\/path><path d=\"M6.7 8.767h1.033v1.033h-1.033v-1.033z\"><\/path><path d=\"M4.633 8.767h1.033v1.033h-1.033v-1.033z\"><\/path><path d=\"M8.767 22.2h1.033v1.033h-1.033v-1.033z\"><\/path><path d=\"M6.7 22.2h1.033v1.033h-1.033v-1.033z\"><\/path><path d=\"M8.767 24.267h1.033v1.033h-1.033v-1.033z\"><\/path><path d=\"M8.767 26.333h1.033v1.033h-1.033v-1.033z\"><\/path><path d=\"M6.7 24.267h1.033v1.033h-1.033v-1.033z\"><\/path><path d=\"M4.633 22.2h1.033v1.033h-1.033v-1.033z\"><\/path><path d=\"M8.767 6.7h1.033v1.033h-1.033v-1.033z\"><\/path><path d=\"M8.767 4.633h1.033v1.033h-1.033v-1.033z\"><\/path><path d=\"M6.7 6.7h1.033v1.033h-1.033v-1.033z\"><\/path><path d=\"M24.267 6.7h1.033v1.033h-1.033v-1.033z\"><\/path><path d=\"M22.2 6.7h1.033v1.033h-1.033v-1.033z\"><\/path><path d=\"M22.2 4.633h1.033v1.033h-1.033v-1.033z\"><\/path><\/svg><span class=\"tt\">Terminvergabe auf doctolib.de<\/span><svg class=\"icon icon-right-arrow\" version=\"1.1\" xmlns=\"http:\/\/www.w3.org\/2000\/svg\" width=\"32\" height=\"32\" viewBox=\"0 0 32 32\"><title>right-arrow<\/title><path d=\"M21.548 5.088c-0.436-0.451-1.162-0.451-1.613 0-0.436 0.436-0.436 1.162 0 1.596l8.177 8.177h-26.984c-0.629 0.001-1.129 0.501-1.129 1.13s0.5 1.145 1.129 1.145h26.984l-8.177 8.162c-0.436 0.451-0.436 1.178 0 1.613 0.451 0.451 1.178 0.451 1.613 0l10.113-10.113c0.451-0.436 0.451-1.162 0-1.596l-10.113-10.114z\"><\/path><\/svg><\/a>[\/vc_column_text][vc_column_text css=&#8220;&#8220; rsclass=&#8220;clean&#8220;]<\/p>\n<div class=\"mt-3\"><\/div>\n<table class=\"table table-bordered doctor-page-table\">\n<tbody>\n<tr>\n<td colspan=\"2\">Fach\u00e4rztin f\u00fcr Innere Medizin<\/td>\n<\/tr>\n<tr>\n<td colspan=\"2\"><strong>Schwerpunkte<\/strong><\/p>\n<ul class=\"circle-list\">\n<li><svg class=\"icon icon-check-mark-1\" version=\"1.1\" xmlns=\"http:\/\/www.w3.org\/2000\/svg\" width=\"32\" height=\"32\" viewBox=\"0 0 32 32\"><title>check-mark-1<\/title><path d=\"M14.485 26.841c-1.451 1.451-3.805 1.451-5.255 0l-8.142-8.142c-1.451-1.45-1.451-3.804 0-5.254s3.804-1.451 5.255 0l4.851 4.85c0.366 0.366 0.961 0.366 1.328 0l13.135-13.135c1.45-1.451 3.804-1.451 5.255 0 0.697 0.697 1.088 1.642 1.088 2.627s-0.391 1.93-1.088 2.627l-16.427 16.427z\"><\/path><\/svg>Innere Medizin<\/li>\n<li><svg class=\"icon icon-check-mark-1\" version=\"1.1\" xmlns=\"http:\/\/www.w3.org\/2000\/svg\" width=\"32\" height=\"32\" viewBox=\"0 0 32 32\"><title>check-mark-1<\/title><path d=\"M14.485 26.841c-1.451 1.451-3.805 1.451-5.255 0l-8.142-8.142c-1.451-1.45-1.451-3.804 0-5.254s3.804-1.451 5.255 0l4.851 4.85c0.366 0.366 0.961 0.366 1.328 0l13.135-13.135c1.45-1.451 3.804-1.451 5.255 0 0.697 0.697 1.088 1.642 1.088 2.627s-0.391 1.93-1.088 2.627l-16.427 16.427z\"><\/path><\/svg>HIV-PrEP, STDs<\/li>\n<li><svg class=\"icon icon-check-mark-1\" version=\"1.1\" xmlns=\"http:\/\/www.w3.org\/2000\/svg\" width=\"32\" height=\"32\" viewBox=\"0 0 32 32\"><title>check-mark-1<\/title><path d=\"M14.485 26.841c-1.451 1.451-3.805 1.451-5.255 0l-8.142-8.142c-1.451-1.45-1.451-3.804 0-5.254s3.804-1.451 5.255 0l4.851 4.85c0.366 0.366 0.961 0.366 1.328 0l13.135-13.135c1.45-1.451 3.804-1.451 5.255 0 0.697 0.697 1.088 1.642 1.088 2.627s-0.391 1.93-1.088 2.627l-16.427 16.427z\"><\/path><\/svg>Gesundheitsvorsorge<\/li>\n<li><svg class=\"icon icon-check-mark-1\" version=\"1.1\" xmlns=\"http:\/\/www.w3.org\/2000\/svg\" width=\"32\" height=\"32\" viewBox=\"0 0 32 32\"><title>check-mark-1<\/title><path d=\"M14.485 26.841c-1.451 1.451-3.805 1.451-5.255 0l-8.142-8.142c-1.451-1.45-1.451-3.804 0-5.254s3.804-1.451 5.255 0l4.851 4.85c0.366 0.366 0.961 0.366 1.328 0l13.135-13.135c1.45-1.451 3.804-1.451 5.255 0 0.697 0.697 1.088 1.642 1.088 2.627s-0.391 1.93-1.088 2.627l-16.427 16.427z\"><\/path><\/svg>DMP bei COPD, Asthma und Diabetes mellitus<\/li>\n<li><svg class=\"icon icon-check-mark-1\" version=\"1.1\" xmlns=\"http:\/\/www.w3.org\/2000\/svg\" width=\"32\" height=\"32\" viewBox=\"0 0 32 32\"><title>check-mark-1<\/title><path d=\"M14.485 26.841c-1.451 1.451-3.805 1.451-5.255 0l-8.142-8.142c-1.451-1.45-1.451-3.804 0-5.254s3.804-1.451 5.255 0l4.851 4.85c0.366 0.366 0.961 0.366 1.328 0l13.135-13.135c1.45-1.451 3.804-1.451 5.255 0 0.697 0.697 1.088 1.642 1.088 2.627s-0.391 1.93-1.088 2.627l-16.427 16.427z\"><\/path><\/svg>Farbduplex<\/li>\n<li><svg class=\"icon icon-check-mark-1\" version=\"1.1\" xmlns=\"http:\/\/www.w3.org\/2000\/svg\" width=\"32\" height=\"32\" viewBox=\"0 0 32 32\"><title>check-mark-1<\/title><path d=\"M14.485 26.841c-1.451 1.451-3.805 1.451-5.255 0l-8.142-8.142c-1.451-1.45-1.451-3.804 0-5.254s3.804-1.451 5.255 0l4.851 4.85c0.366 0.366 0.961 0.366 1.328 0l13.135-13.135c1.45-1.451 3.804-1.451 5.255 0 0.697 0.697 1.088 1.642 1.088 2.627s-0.391 1.93-1.088 2.627l-16.427 16.427z\"><\/path><\/svg>Reisemedizin<\/li>\n<li><svg class=\"icon icon-check-mark-1\" version=\"1.1\" xmlns=\"http:\/\/www.w3.org\/2000\/svg\" width=\"32\" height=\"32\" viewBox=\"0 0 32 32\"><title>check-mark-1<\/title><path d=\"M14.485 26.841c-1.451 1.451-3.805 1.451-5.255 0l-8.142-8.142c-1.451-1.45-1.451-3.804 0-5.254s3.804-1.451 5.255 0l4.851 4.85c0.366 0.366 0.961 0.366 1.328 0l13.135-13.135c1.45-1.451 3.804-1.451 5.255 0 0.697 0.697 1.088 1.642 1.088 2.627s-0.391 1.93-1.088 2.627l-16.427 16.427z\"><\/path><\/svg>Diabetologie, Phlebologie<\/li>\n<\/ul>\n<\/td>\n<\/tr>\n<tr>\n<td colspan=\"2\"><strong>Studium \/ Aus-, Fort- und Weiterbildungen<\/strong><\/p>\n<ul class=\"circle-list\">\n<li><svg class=\"icon icon-check-mark-1\" version=\"1.1\" xmlns=\"http:\/\/www.w3.org\/2000\/svg\" width=\"32\" height=\"32\" viewBox=\"0 0 32 32\"><title>check-mark-1<\/title><path d=\"M14.485 26.841c-1.451 1.451-3.805 1.451-5.255 0l-8.142-8.142c-1.451-1.45-1.451-3.804 0-5.254s3.804-1.451 5.255 0l4.851 4.85c0.366 0.366 0.961 0.366 1.328 0l13.135-13.135c1.45-1.451 3.804-1.451 5.255 0 0.697 0.697 1.088 1.642 1.088 2.627s-0.391 1.93-1.088 2.627l-16.427 16.427z\"><\/path><\/svg>Fach\u00e4rztin Innere Medizin<\/li>\n<li><svg class=\"icon icon-check-mark-1\" version=\"1.1\" xmlns=\"http:\/\/www.w3.org\/2000\/svg\" width=\"32\" height=\"32\" viewBox=\"0 0 32 32\"><title>check-mark-1<\/title><path d=\"M14.485 26.841c-1.451 1.451-3.805 1.451-5.255 0l-8.142-8.142c-1.451-1.45-1.451-3.804 0-5.254s3.804-1.451 5.255 0l4.851 4.85c0.366 0.366 0.961 0.366 1.328 0l13.135-13.135c1.45-1.451 3.804-1.451 5.255 0 0.697 0.697 1.088 1.642 1.088 2.627s-0.391 1.93-1.088 2.627l-16.427 16.427z\"><\/path><\/svg>Zusatzbezeichnung Diabetologie<\/li>\n<li><svg class=\"icon icon-check-mark-1\" version=\"1.1\" xmlns=\"http:\/\/www.w3.org\/2000\/svg\" width=\"32\" height=\"32\" viewBox=\"0 0 32 32\"><title>check-mark-1<\/title><path d=\"M14.485 26.841c-1.451 1.451-3.805 1.451-5.255 0l-8.142-8.142c-1.451-1.45-1.451-3.804 0-5.254s3.804-1.451 5.255 0l4.851 4.85c0.366 0.366 0.961 0.366 1.328 0l13.135-13.135c1.45-1.451 3.804-1.451 5.255 0 0.697 0.697 1.088 1.642 1.088 2.627s-0.391 1.93-1.088 2.627l-16.427 16.427z\"><\/path><\/svg><\/li>\n<li>Zusatzbezeichnung Phlebologie<\/li>\n<li><svg class=\"icon icon-check-mark-1\" version=\"1.1\" xmlns=\"http:\/\/www.w3.org\/2000\/svg\" width=\"32\" height=\"32\" viewBox=\"0 0 32 32\"><title>check-mark-1<\/title><path d=\"M14.485 26.841c-1.451 1.451-3.805 1.451-5.255 0l-8.142-8.142c-1.451-1.45-1.451-3.804 0-5.254s3.804-1.451 5.255 0l4.851 4.85c0.366 0.366 0.961 0.366 1.328 0l13.135-13.135c1.45-1.451 3.804-1.451 5.255 0 0.697 0.697 1.088 1.642 1.088 2.627s-0.391 1.93-1.088 2.627l-16.427 16.427z\"><\/path><\/svg><\/li>\n<\/ul>\n<\/td>\n<\/tr>\n<tr>\n<td colspan=\"2\"><strong>Mitgliedschaften<\/strong><\/p>\n<ul class=\"circle-list\">\n<li><svg class=\"icon icon-check-mark-1\" version=\"1.1\" xmlns=\"http:\/\/www.w3.org\/2000\/svg\" width=\"32\" height=\"32\" viewBox=\"0 0 32 32\"><title>check-mark-1<\/title><path d=\"M14.485 26.841c-1.451 1.451-3.805 1.451-5.255 0l-8.142-8.142c-1.451-1.45-1.451-3.804 0-5.254s3.804-1.451 5.255 0l4.851 4.85c0.366 0.366 0.961 0.366 1.328 0l13.135-13.135c1.45-1.451 3.804-1.451 5.255 0 0.697 0.697 1.088 1.642 1.088 2.627s-0.391 1.93-1.088 2.627l-16.427 16.427z\"><\/path><\/svg>dagn\u00e4 Deutsche Arbeitsgemeinschaft niedergelassener \u00c4rzte in der Versorgung HIV Infizierter e.V.<\/li>\n<li><svg class=\"icon icon-check-mark-1\" version=\"1.1\" xmlns=\"http:\/\/www.w3.org\/2000\/svg\" width=\"32\" height=\"32\" viewBox=\"0 0 32 32\"><title>check-mark-1<\/title><path d=\"M14.485 26.841c-1.451 1.451-3.805 1.451-5.255 0l-8.142-8.142c-1.451-1.45-1.451-3.804 0-5.254s3.804-1.451 5.255 0l4.851 4.85c0.366 0.366 0.961 0.366 1.328 0l13.135-13.135c1.45-1.451 3.804-1.451 5.255 0 0.697 0.697 1.088 1.642 1.088 2.627s-0.391 1.93-1.088 2.627l-16.427 16.427z\"><\/path><\/svg>Berufsverband Deutscher Internisten e.V. (BDI)<\/li>\n<li><svg class=\"icon icon-check-mark-1\" version=\"1.1\" xmlns=\"http:\/\/www.w3.org\/2000\/svg\" width=\"32\" height=\"32\" viewBox=\"0 0 32 32\"><title>check-mark-1<\/title><path d=\"M14.485 26.841c-1.451 1.451-3.805 1.451-5.255 0l-8.142-8.142c-1.451-1.45-1.451-3.804 0-5.254s3.804-1.451 5.255 0l4.851 4.85c0.366 0.366 0.961 0.366 1.328 0l13.135-13.135c1.45-1.451 3.804-1.451 5.255 0 0.697 0.697 1.088 1.642 1.088 2.627s-0.391 1.93-1.088 2.627l-16.427 16.427z\"><\/path><\/svg>Deutsche Diabetes Gesellschaft e.V. (DDG)<\/li>\n<\/ul>\n<\/td>\n<\/tr>\n<\/tbody>\n<\/table>\n<p>[\/vc_column_text][\/vc_column][vc_column width=&#8220;3\/4&#8243; rsclass=&#8220;clean&#8220; el_class=&#8220;col-lg-8 mt-4 mt-lg-0&#8243;][vc_column_text css=&#8220;&#8220; rsclass=&#8220;clean&#8220;]<\/p>\n<div class=\"doctor-info mb-4\">\n<div class=\"doctor-info-name\">\n<h3 class=\"doctor-info-name__title\">Dr. medic. Teodora Radulescu<\/h3>\n<h6>Fach\u00e4rztin f\u00fcr Innere Medizin<\/h6>\n<\/div>\n<div class=\"doctor-info-phone\"><svg class=\"icon icon-telephone-1\" version=\"1.1\" xmlns=\"http:\/\/www.w3.org\/2000\/svg\" width=\"32\" height=\"32\" viewBox=\"0 0 32 32\"><title>telephone-1<\/title><path d=\"M23.467 19.2c-2.133 2.133-2.133 4.267-4.267 4.267s-4.267-2.133-6.4-4.267c-2.133-2.133-4.267-4.267-4.267-6.4s2.133-2.133 4.267-4.267-4.267-8.533-6.4-8.533-6.4 6.4-6.4 6.4c0 4.267 4.383 12.917 8.533 17.067s12.8 8.533 17.067 8.533c0 0 6.4-4.267 6.4-6.4s-6.4-8.533-8.533-6.4z\"><\/path><\/svg><a href=\"tel:(0211) 2 00 70 50\">(0211) 2 00 70 50<\/a><\/div>\n<div class=\"doctor-info-social\"><a title=\"\" href=\"mailto:praxis@haifa-med.de\" class=\"hovicon\"><svg class=\"icon icon-black-envelope\" version=\"1.1\" xmlns=\"http:\/\/www.w3.org\/2000\/svg\" width=\"32\" height=\"32\" viewBox=\"0 0 32 32\"><title>black-envelope<\/title><path d=\"M2.531 6.124l11.526 9.13c0.523 0.414 1.243 0.597 1.942 0.563 0.698 0.034 1.419-0.148 1.941-0.563l11.526-9.13c0.924-0.727 0.715-1.323-0.457-1.323h-26.019c-1.173 0-1.382 0.596-0.461 1.323z\"><\/path><path d=\"M30.3 8.533l-12.596 9.563c-0.471 0.354-1.088 0.526-1.702 0.518-0.616 0.008-1.233-0.165-1.704-0.518l-12.598-9.563c-0.935-0.709-1.7-0.329-1.7 0.844v15.69c0 1.173 0.96 2.133 2.133 2.133h27.734c1.173 0 2.133-0.96 2.133-2.133v-15.69c0-1.173-0.765-1.553-1.7-0.844z\"><\/path><\/svg><\/a><\/div>\n<\/div>\n<p class=\"tt\">Liebe Patientin, lieber Patient,<\/p>\n<p>ich freue mich, Sie in unserer Gemeinschaftspraxis f\u00fcr haus\u00e4rztliche Versorgung am Haifa Park in D\u00fcsseldorf begr\u00fc\u00dfen zu d\u00fcrfen! Hier begleite ich als Fach\u00e4rztin f\u00fcr Innere Medizin Ihre internistischen gesundheitlichen Beschwerden von der Diagnose bis zur Therapie. Dies umfasst unter anderem Beschwerden der inneren Organe, des Herz-Kreislauf-Systems, der Atemwege und Lunge sowie der Niere und der Harnwege. Vereinbaren Sie Ihren Termin f\u00fcr die passende Untersuchung direkt online.<\/p>\n<p>Mein Team und ich hei\u00dfen Sie in unserer modern ausgestatteten Praxis willkommen. Hier bin ich Ihr erster Ansprechpartner bei allen Beschwerden die mit Verschlei\u00df- und Alterungserscheinungen einhergehen, bei Herz-Kreislauferkrankungen, Gef\u00e4\u00dfkrankheiten, bei chronisch-entz\u00fcndlichen Erkrankungen und Krankheitsbildern des Magen-Darm-Traktes.<\/p>\n<p>Bei mir stehen Sie als Patient im Mittelpunkt. Die Grundlage f\u00fcr eine bestm\u00f6gliche medizinische Betreuung ist, neben einem umfangreichen Bild Ihrer Gesundheitshistorie, auch das Vertrauensverh\u00e4ltnis zwischen Patient und Behandler.<\/p>\n<p>Ich decke das gesamte Leistungsspektrum der internistischen Versorgung ab und stehe Ihnen unter anderem f\u00fcr Ruhe- und Belastungs-EKGs, Herzultraschalls, Sonographien der abdominellen Organe, der Gef\u00e4\u00dfe und der Schilddr\u00fcse sowie Spirometrien und Spiroergometrien zur Verf\u00fcgung.<\/p>\n<p>Ich freue mich auf Ihre Terminbuchung.<\/p>\n<p>Ihre Dr. Tedora Radulescu<\/p>\n<div class=\"mt-4 mt-lg-7\"><\/div>\n<table class=\"table table-striped\">\n<tbody>\n<tr>\n<td width=\"15%\">seit 2026<\/td>\n<td>Internistische Haus\u00e4rztin in der Gemeinschaftspraxis \u201eHAIFA.med.\u201c, akademische Lehrpraxis der Universit\u00e4t D\u00fcsseldorf und Gelb\ufb01eberimpfstelle des Landes NRW<\/td>\n<\/tr>\n<tr>\n<td>2023<\/td>\n<td>Zusatzbezeichnung Phlebologie &#8211; \u00c4rztekammer Nordrhein (\u00c4kNo)<\/td>\n<\/tr>\n<tr>\n<td>2018<\/td>\n<td>Anerkennung als Fach\u00e4rztin f\u00fcr Innere Medizin &#8211; \u00c4rztekammer Nordrhein (\u00c4kNo)<\/td>\n<\/tr>\n<tr>\n<td>2011-2018<\/td>\n<td>Internistische Facharztausbildung<\/td>\n<\/tr>\n<tr>\n<td>2011<\/td>\n<td>Deutsche Approbation als \u00c4rztin<\/td>\n<\/tr>\n<tr>\n<td>2004-2010<\/td>\n<td>Studium der Humanmedizin an der Universit\u00e4t \u2018\u2018Carol<br \/>\nDavila\u2018\u2018 Bukarest\/Bucuresti, Rum\u00e4nien<\/td>\n<\/tr>\n<tr>\n<td>2000-2004<\/td>\n<td>Deutsches Goethe Kolleg \u2013 Deutsche Spezialabteilung<br \/>\n(Bukarest, Rum\u00e4nien), das deutsche Abitur<\/td>\n<\/tr>\n<tr>\n<td><\/td>\n<td><\/td>\n<\/tr>\n<tr>\n<td><\/td>\n<td><\/td>\n<\/tr>\n<tr>\n<td><\/td>\n<td><\/td>\n<\/tr>\n<tr>\n<td><\/td>\n<td><\/td>\n<\/tr>\n<tr>\n<td><\/td>\n<td><\/td>\n<\/tr>\n<tr>\n<td><\/td>\n<td><\/td>\n<\/tr>\n<tr>\n<td><\/td>\n<td><\/td>\n<\/tr>\n<\/tbody>\n<\/table>\n<p>[\/vc_column_text][vc_column_text css=&#8220;&#8220; rsclass=&#8220;clean&#8220;]<\/p>\n<div class=\"d-flex flex-column flex-sm-row tt-doctor-page-btns\">\n<p><a class=\"btn\" href=\"https:\/\/www.doctolib.de\/hausarztlich-tatige-internist-in\/duesseldorf\/teodora-radulescu-duesseldorf\" target=\"_blan\" rel=\"noopener noreferrer\"><svg class=\"icon icon-health-care\" version=\"1.1\" xmlns=\"http:\/\/www.w3.org\/2000\/svg\" width=\"32\" height=\"32\" viewBox=\"0 0 32 32\"><title>health-care<\/title><path d=\"M30.983 10.833h-9.817v-9.817c0-0.31-0.207-0.517-0.517-0.517h-9.3c-0.31 0-0.517 0.207-0.517 0.517v9.817h-9.817c-0.31 0-0.517 0.207-0.517 0.517v9.3c0 0.31 0.207 0.517 0.517 0.517h9.817v9.817c0 0.31 0.207 0.517 0.517 0.517h5.683v-1.033h-5.167v-9.817c0-0.31-0.207-0.517-0.517-0.517h-9.817v-8.267h9.817c0.31 0 0.517-0.207 0.517-0.517v-9.817h8.267v9.817c0 0.31 0.207 0.517 0.517 0.517h9.817v8.783h1.033v-9.3c0-0.31-0.207-0.517-0.517-0.517z\"><\/path><path d=\"M27.883 22.717h-5.167c-2.015 0-3.617 1.602-3.617 3.617v5.167h1.033v-5.167c0-1.447 1.137-2.583 2.583-2.583h2.067v3.617h1.033v-3.617h2.067c1.447 0 2.583 1.137 2.583 2.583v5.167h1.033v-5.167c0-2.015-1.602-3.617-3.617-3.617z\"><\/path><path d=\"M24.783 22.2h1.033c1.447 0 2.583-1.137 2.583-2.583v-1.55c0-1.447-1.137-2.583-2.583-2.583h-1.033c-1.447 0-2.583 1.137-2.583 2.583v1.55c0 1.447 1.137 2.583 2.583 2.583zM23.233 18.067c0-0.878 0.672-1.55 1.55-1.55h1.033c0.878 0 1.55 0.672 1.55 1.55v1.55c0 0.878-0.672 1.55-1.55 1.55h-1.033c-0.878 0-1.55-0.672-1.55-1.55v-1.55z\"><\/path><path d=\"M21.683 27.883h1.033v3.617h-1.033v-3.617z\"><\/path><path d=\"M27.883 27.883h1.033v3.617h-1.033v-3.617z\"><\/path><path d=\"M12.9 2.567h1.033v1.033h-1.033v-1.033z\"><\/path><path d=\"M2.567 12.9h1.033v1.033h-1.033v-1.033z\"><\/path><path d=\"M28.4 12.9h1.033v1.033h-1.033v-1.033z\"><\/path><path d=\"M2.567 18.067h1.033v1.033h-1.033v-1.033z\"><\/path><path d=\"M12.9 28.4h1.033v1.033h-1.033v-1.033z\"><\/path><path d=\"M18.067 2.567h1.033v1.033h-1.033v-1.033z\"><\/path><path d=\"M22.2 8.767h1.033v1.033h-1.033v-1.033z\"><\/path><path d=\"M24.267 8.767h1.033v1.033h-1.033v-1.033z\"><\/path><path d=\"M26.333 8.767h1.033v1.033h-1.033v-1.033z\"><\/path><path d=\"M8.767 8.767h1.033v1.033h-1.033v-1.033z\"><\/path><path d=\"M6.7 8.767h1.033v1.033h-1.033v-1.033z\"><\/path><path d=\"M4.633 8.767h1.033v1.033h-1.033v-1.033z\"><\/path><path d=\"M8.767 22.2h1.033v1.033h-1.033v-1.033z\"><\/path><path d=\"M6.7 22.2h1.033v1.033h-1.033v-1.033z\"><\/path><path d=\"M8.767 24.267h1.033v1.033h-1.033v-1.033z\"><\/path><path d=\"M8.767 26.333h1.033v1.033h-1.033v-1.033z\"><\/path><path d=\"M6.7 24.267h1.033v1.033h-1.033v-1.033z\"><\/path><path d=\"M4.633 22.2h1.033v1.033h-1.033v-1.033z\"><\/path><path d=\"M8.767 6.7h1.033v1.033h-1.033v-1.033z\"><\/path><path d=\"M8.767 4.633h1.033v1.033h-1.033v-1.033z\"><\/path><path d=\"M6.7 6.7h1.033v1.033h-1.033v-1.033z\"><\/path><path d=\"M24.267 6.7h1.033v1.033h-1.033v-1.033z\"><\/path><path d=\"M22.2 6.7h1.033v1.033h-1.033v-1.033z\"><\/path><path d=\"M22.2 4.633h1.033v1.033h-1.033v-1.033z\"><\/path><\/svg><span class=\"tt\">Termin online vereinbaren auf doctolib.de<\/span><svg class=\"icon icon-right-arrow\" version=\"1.1\" xmlns=\"http:\/\/www.w3.org\/2000\/svg\" width=\"32\" height=\"32\" viewBox=\"0 0 32 32\"><title>right-arrow<\/title><path d=\"M21.548 5.088c-0.436-0.451-1.162-0.451-1.613 0-0.436 0.436-0.436 1.162 0 1.596l8.177 8.177h-26.984c-0.629 0.001-1.129 0.501-1.129 1.13s0.5 1.145 1.129 1.145h26.984l-8.177 8.162c-0.436 0.451-0.436 1.178 0 1.613 0.451 0.451 1.178 0.451 1.613 0l10.113-10.113c0.451-0.436 0.451-1.162 0-1.596l-10.113-10.114z\"><\/path><\/svg><\/a><\/p>\n<\/div>\n<p>[\/vc_column_text][\/vc_column][\/vc_row]<\/p>\n<\/div>","protected":false},"excerpt":{"rendered":"<p>[vc_row rsclass=&#8220;clean&#8220; el_class=&#8220;row&#8220;][vc_column width=&#8220;1\/4&#8243; rsclass=&#8220;clean&#8220; el_class=&#8220;col-md&#8220; offset=&#8220;vc_hidden-xs&#8220;][vc_single_image image=&#8220;3484&#8243; img_size=&#8220;full&#8220; css=&#8220;.vc_custom_1769600320620{margin-bottom: 24px !important;}&#8220; rsclass=&#8220;clean&#8220; el_class=&#8220;doctor-page-photo text-center tt_pt_3&#8243; rs_image_class=&#8220;img-fluid&#8220;][\/vc_single_image][vc_column_text css=&#8220;.vc_custom_1768234091541{margin-top: 24px !important;margin-bottom: 24px !important;}&#8220; rsclass=&#8220;clean&#8220;]Terminvergabe auf doctolib.de[\/vc_column_text][vc_column_text css=&#8220;&#8220; rsclass=&#8220;clean&#8220;] Fach\u00e4rztin f\u00fcr Innere Medizin Schwerpunkte Innere Medizin HIV-PrEP, STDs Gesundheitsvorsorge DMP bei COPD, Asthma und Diabetes mellitus Farbduplex Reisemedizin Diabetologie, Phlebologie Studium \/ Aus-, Fort- und Weiterbildungen Fach\u00e4rztin <\/p>\n<div class=\"btn-more-wrapper\"><a href=\"https:\/\/www.haifamed.de\/content\/unser-team\/dr-med-martin-reith\/\" class=\"btn btn-sm btn-hover-fill\"><svg class=\"icon icon-right-arrow\" version=\"1.1\" xmlns=\"http:\/\/www.w3.org\/2000\/svg\" width=\"32\" height=\"32\" viewBox=\"0 0 32 32\"><title>right-arrow<\/title><path d=\"M21.548 5.088c-0.436-0.451-1.162-0.451-1.613 0-0.436 0.436-0.436 1.162 0 1.596l8.177 8.177h-26.984c-0.629 0.001-1.129 0.501-1.129 1.13s0.5 1.145 1.129 1.145h26.984l-8.177 8.162c-0.436 0.451-0.436 1.178 0 1.613 0.451 0.451 1.178 0.451 1.613 0l10.113-10.113c0.451-0.436 0.451-1.162 0-1.596l-10.113-10.114z\"><\/path><\/svg>Weiterlesen<span class=\"screen-reader-text\"> &#8222;Dr. medic. Teodora Radulescu&#8220;<\/span><svg class=\"icon icon-right-arrow\" version=\"1.1\" xmlns=\"http:\/\/www.w3.org\/2000\/svg\" width=\"32\" height=\"32\" viewBox=\"0 0 32 32\"><title>right-arrow<\/title><path d=\"M21.548 5.088c-0.436-0.451-1.162-0.451-1.613 0-0.436 0.436-0.436 1.162 0 1.596l8.177 8.177h-26.984c-0.629 0.001-1.129 0.501-1.129 1.13s0.5 1.145 1.129 1.145h26.984l-8.177 8.162c-0.436 0.451-0.436 1.178 0 1.613 0.451 0.451 1.178 0.451 1.613 0l10.113-10.113c0.451-0.436 0.451-1.162 0-1.596l-10.113-10.114z\"><\/path><\/svg><\/a><\/div>\n","protected":false},"author":1,"featured_media":0,"parent":121,"menu_order":7,"comment_status":"closed","ping_status":"closed","template":"custompagett.php","meta":{"footnotes":""},"class_list":["post-2106","page","type-page","status-publish","hentry"],"_links":{"self":[{"href":"https:\/\/www.haifamed.de\/content\/wp-json\/wp\/v2\/pages\/2106"}],"collection":[{"href":"https:\/\/www.haifamed.de\/content\/wp-json\/wp\/v2\/pages"}],"about":[{"href":"https:\/\/www.haifamed.de\/content\/wp-json\/wp\/v2\/types\/page"}],"author":[{"embeddable":true,"href":"https:\/\/www.haifamed.de\/content\/wp-json\/wp\/v2\/users\/1"}],"replies":[{"embeddable":true,"href":"https:\/\/www.haifamed.de\/content\/wp-json\/wp\/v2\/comments?post=2106"}],"version-history":[{"count":36,"href":"https:\/\/www.haifamed.de\/content\/wp-json\/wp\/v2\/pages\/2106\/revisions"}],"predecessor-version":[{"id":3485,"href":"https:\/\/www.haifamed.de\/content\/wp-json\/wp\/v2\/pages\/2106\/revisions\/3485"}],"up":[{"embeddable":true,"href":"https:\/\/www.haifamed.de\/content\/wp-json\/wp\/v2\/pages\/121"}],"wp:attachment":[{"href":"https:\/\/www.haifamed.de\/content\/wp-json\/wp\/v2\/media?parent=2106"}],"curies":[{"name":"wp","href":"https:\/\/api.w.org\/{rel}","templated":true}]}}